{"id":1379,"date":"2023-09-28T17:56:09","date_gmt":"2023-09-28T17:56:09","guid":{"rendered":"https:\/\/danielcaixeta.pro.br\/site\/?post_type=product&#038;p=1379"},"modified":"2026-01-30T05:02:11","modified_gmt":"2026-01-30T08:02:11","slug":"formacao-de-tutores-para-educacao-a-distancia","status":"publish","type":"product","link":"https:\/\/danielcaixeta.pro.br\/site\/produto\/formacao-de-tutores-para-educacao-a-distancia\/","title":{"rendered":"Forma\u00e7\u00e3o de Tutores para Educa\u00e7\u00e3o a Dist\u00e2ncia"},"content":{"rendered":"<p dir=\"ltr\">Prezados alunos(as),<\/p>\n<p>Este curso com carga hor\u00e1ria de 40 horas tem por objetivo de ser a continua\u00e7\u00e3o do curso de<strong>\u00a0\u201cIntrodu\u00e7\u00e3o a Educa\u00e7\u00e3o a Dist\u00e2ncia, AVA e Moodle\u201d<\/strong>\u00a0que\u00a0discutiu os fundamentos te\u00f3ricos e as ci\u00eancias que instrumentalizam a Educa\u00e7\u00e3o, Educa\u00e7\u00e3o a Dist\u00e2ncia. Al\u00e9m de analisar a Educa\u00e7\u00e3o Online e Ambientes Virtuais de Aprendizagem, especialmente o Moodle e suas aplica\u00e7\u00f5es t\u00e9cnico\/pedag\u00f3gicas enquanto tutor em EaD.<\/p>\n<p>Al\u00e9m disso, tem duas salas virtuais complementares, sendo uma para realiza\u00e7\u00e3o de pr\u00e1tica de configura\u00e7\u00e3o\/edi\u00e7\u00e3o de ambiente Moodle e outra para simula\u00e7\u00e3o de pr\u00e1ticas de tutoria EaD.<\/p>\n<p>O curso \u00e9 dividido em 2 unidades, no qual, para realiza-lo, procure se adaptar \u00e0 seguinte din\u00e2mica: leia sempre \u2013 e atentamente \u2013 o(s) Material(is) e a(s) Atividade(s); siga a sequ\u00eancia em que elas est\u00e3o dispon\u00edveis e evite inverter sua ordem de realiza\u00e7\u00e3o, pois existem raz\u00f5es para que assim estejam.<\/p>\n<p dir=\"ltr\">Neste curso possui um encontro virtual com o professor e tutoria ativa do mesmo durante todo o curso.<\/p>\n","protected":false},"excerpt":{"rendered":"<p>Prezados alunos(as), Este curso com carga hor\u00e1ria de 40 horas tem por objetivo de ser a continua\u00e7\u00e3o do curso de\u00a0\u201cIntrodu\u00e7\u00e3o a Educa\u00e7\u00e3o a Dist\u00e2ncia, AVA e Moodle\u201d\u00a0que\u00a0discutiu os fundamentos te\u00f3ricos e as ci\u00eancias que instrumentalizam a Educa\u00e7\u00e3o, Educa\u00e7\u00e3o a Dist\u00e2ncia. Al\u00e9m de analisar a Educa\u00e7\u00e3o Online e Ambientes Virtuais de Aprendizagem, especialmente o Moodle e [&hellip;]<\/p>\n","protected":false},"featured_media":1301,"comment_status":"open","ping_status":"closed","template":"","meta":[],"product_brand":[],"product_cat":[15],"product_tag":[],"class_list":{"0":"post-1379","1":"product","2":"type-product","3":"status-publish","4":"has-post-thumbnail","6":"product_cat-sem-categoria","8":"first","9":"instock","10":"downloadable","11":"virtual","12":"purchasable","13":"product-type-simple"},"_links":{"self":[{"href":"https:\/\/danielcaixeta.pro.br\/site\/wp-json\/wp\/v2\/product\/1379","targetHints":{"allow":["GET"]}}],"collection":[{"href":"https:\/\/danielcaixeta.pro.br\/site\/wp-json\/wp\/v2\/product"}],"about":[{"href":"https:\/\/danielcaixeta.pro.br\/site\/wp-json\/wp\/v2\/types\/product"}],"replies":[{"embeddable":true,"href":"https:\/\/danielcaixeta.pro.br\/site\/wp-json\/wp\/v2\/comments?post=1379"}],"wp:featuredmedia":[{"embeddable":true,"href":"https:\/\/danielcaixeta.pro.br\/site\/wp-json\/wp\/v2\/media\/1301"}],"wp:attachment":[{"href":"https:\/\/danielcaixeta.pro.br\/site\/wp-json\/wp\/v2\/media?parent=1379"}],"wp:term":[{"taxonomy":"product_brand","embeddable":true,"href":"https:\/\/danielcaixeta.pro.br\/site\/wp-json\/wp\/v2\/product_brand?post=1379"},{"taxonomy":"product_cat","embeddable":true,"href":"https:\/\/danielcaixeta.pro.br\/site\/wp-json\/wp\/v2\/product_cat?post=1379"},{"taxonomy":"product_tag","embeddable":true,"href":"https:\/\/danielcaixeta.pro.br\/site\/wp-json\/wp\/v2\/product_tag?post=1379"}],"curies":[{"name":"wp","href":"https:\/\/api.w.org\/{rel}","templated":true}]}}