{"id":1377,"date":"2023-09-28T17:52:16","date_gmt":"2023-09-28T17:52:16","guid":{"rendered":"https:\/\/danielcaixeta.pro.br\/site\/?post_type=product&#038;p=1377"},"modified":"2025-10-08T08:00:36","modified_gmt":"2025-10-08T11:00:36","slug":"introducao-a-educacao-a-distancia-ava-e-moodle","status":"publish","type":"product","link":"https:\/\/danielcaixeta.pro.br\/site\/produto\/introducao-a-educacao-a-distancia-ava-e-moodle\/","title":{"rendered":"Introdu\u00e7\u00e3o a Educa\u00e7\u00e3o a Dist\u00e2ncia, AVA e Moodle"},"content":{"rendered":"<p>Este curso com carga hor\u00e1ria de 20 horas tem por objetivo de discutir os fundamentos te\u00f3ricos e as ci\u00eancias que instrumentalizam a Educa\u00e7\u00e3o, Educa\u00e7\u00e3o a Dist\u00e2ncia. Al\u00e9m de analisar a Educa\u00e7\u00e3o Online e Ambientes Virtuais de Aprendizagem, especialmente o Moodle e suas aplica\u00e7\u00f5es t\u00e9cnico\/pedag\u00f3gicas.<\/p>\n<p>O curso \u00e9 dividido em 2 unidades, no qual, para realiza-lo, procure se adaptar \u00e0 seguinte din\u00e2mica: leia sempre \u2013 e atentamente \u2013 o(s) Material(is) e a(s) Atividade(s); siga a sequ\u00eancia em que elas est\u00e3o dispon\u00edveis e evite inverter sua ordem de realiza\u00e7\u00e3o, pois existem raz\u00f5es para que assim estejam.<\/p>\n<p dir=\"ltr\">Al\u00e9m disso, o curso possui tutoria ativa durante todo o curso.<\/p>\n","protected":false},"excerpt":{"rendered":"<p>Este curso com carga hor\u00e1ria de 20 horas tem por objetivo de discutir os fundamentos te\u00f3ricos e as ci\u00eancias que instrumentalizam a Educa\u00e7\u00e3o, Educa\u00e7\u00e3o a Dist\u00e2ncia. Al\u00e9m de analisar a Educa\u00e7\u00e3o Online e Ambientes Virtuais de Aprendizagem, especialmente o Moodle e suas aplica\u00e7\u00f5es t\u00e9cnico\/pedag\u00f3gicas. O curso \u00e9 dividido em 2 unidades, no qual, para realiza-lo, [&hellip;]<\/p>\n","protected":false},"featured_media":1298,"comment_status":"open","ping_status":"closed","template":"","meta":[],"product_brand":[],"product_cat":[15],"product_tag":[],"class_list":{"0":"post-1377","1":"product","2":"type-product","3":"status-publish","4":"has-post-thumbnail","6":"product_cat-sem-categoria","8":"first","9":"instock","10":"downloadable","11":"virtual","12":"purchasable","13":"product-type-simple"},"_links":{"self":[{"href":"https:\/\/danielcaixeta.pro.br\/site\/wp-json\/wp\/v2\/product\/1377","targetHints":{"allow":["GET"]}}],"collection":[{"href":"https:\/\/danielcaixeta.pro.br\/site\/wp-json\/wp\/v2\/product"}],"about":[{"href":"https:\/\/danielcaixeta.pro.br\/site\/wp-json\/wp\/v2\/types\/product"}],"replies":[{"embeddable":true,"href":"https:\/\/danielcaixeta.pro.br\/site\/wp-json\/wp\/v2\/comments?post=1377"}],"wp:featuredmedia":[{"embeddable":true,"href":"https:\/\/danielcaixeta.pro.br\/site\/wp-json\/wp\/v2\/media\/1298"}],"wp:attachment":[{"href":"https:\/\/danielcaixeta.pro.br\/site\/wp-json\/wp\/v2\/media?parent=1377"}],"wp:term":[{"taxonomy":"product_brand","embeddable":true,"href":"https:\/\/danielcaixeta.pro.br\/site\/wp-json\/wp\/v2\/product_brand?post=1377"},{"taxonomy":"product_cat","embeddable":true,"href":"https:\/\/danielcaixeta.pro.br\/site\/wp-json\/wp\/v2\/product_cat?post=1377"},{"taxonomy":"product_tag","embeddable":true,"href":"https:\/\/danielcaixeta.pro.br\/site\/wp-json\/wp\/v2\/product_tag?post=1377"}],"curies":[{"name":"wp","href":"https:\/\/api.w.org\/{rel}","templated":true}]}}