{"id":94,"date":"2021-01-22T14:48:08","date_gmt":"2021-01-22T14:48:08","guid":{"rendered":"https:\/\/wpriverthemes.com\/tanda\/?page_id=94"},"modified":"2023-10-10T14:48:29","modified_gmt":"2023-10-10T14:48:29","slug":"quem-somos","status":"publish","type":"page","link":"https:\/\/danielcaixeta.pro.br\/site\/quem-somos\/","title":{"rendered":"Quem Somos"},"content":{"rendered":"<div class=\"wpb-content-wrapper\"><p>[vc_row][vc_column]<!-- Star About Area\n    ============================================= -->\n    <div class=\"about-area faq-area inc-shape default-padding\">\n        <div class=\"container\">\n            <div class=\"row\">\n                <div class=\"col-lg-6\">\n                    <div class=\"thumb\"> \n                    <img decoding=\"async\" src=\"https:\/\/danielcaixeta.pro.br\/site\/wp-content\/uploads\/2023\/09\/WhatsApp-Image-2023-05-15-at-17.48.15.png\" alt=\"Thumb\">\n                    <img decoding=\"async\" src=\"https:\/\/danielcaixeta.pro.br\/site\/wp-content\/uploads\/2021\/01\/2.jpg\" alt=\"Thumb\">\n                    <div class=\"overlay\">\n                        <div class=\"content\">\n                            <h4>11 anos de experi\u00eancia<\/h4>\n                        <\/div>\n                    <\/div>\n                <\/div>\n            <\/div>\n            <div class=\"col-lg-5 offset-lg-1 info\">\n                <h2>Daniel Caixeta Queiroz Garcia<\/h2>\n                <p>\n                    Licenciado em Pedagogia pela Universidade Paulista (2018). Bacharel em Sistemas de Informa\u00e7\u00e3o pelo Centro Universit\u00e1rio de Patos de Minas (2008).<\/p>\n<p>Especialista em Psicopedagogia e Neuroci\u00eancias pela Universidade Paulista (2020). Especialista em Forma\u00e7\u00e3o em Educa\u00e7\u00e3o a Dist\u00e2ncia pela Universidade Paulista (2019). Especialista em Educa\u00e7\u00e3o a Dist\u00e2ncia pela Faculdade de Tecnologia Senac Goi\u00e1s (2013). Especialista em Inform\u00e1tica em Educa\u00e7\u00e3o pela Universidade Federal de Lavras (2010). Especialista em Gest\u00e3o Escolar: Inspe\u00e7\u00e3o, Orienta\u00e7\u00e3o e Supervis\u00e3o Pedag\u00f3gica pelo Centro Universit\u00e1rio de Patos de Minas (2010). \n                <\/p>\n                <div class=\"faq-content accordion\" id=\"accordionExample\"><div class=\"card\">\n    <div class=\"card-header\" id=\"headingOne\">\n        <h4 class=\"mb-0\" data-toggle=\"collapse\" data-target=\"#collapseOne\" aria-expanded=\"true\" aria-controls=\"collapseOne\">\n              Experi\u00eancias?\n        <\/h4>\n    <\/div>\n\n    <div id=\"collapseOne\" class=\"collapse show\" aria-labelledby=\"headingOne\" data-parent=\"#accordionExample\">\n        <div class=\"card-body\">\n            <p>\n                Possuo experi\u00eancia enquanto docente\/tutor, consultor e atuo em pesquisas nas \u00e1reas de Educa\u00e7\u00e3o e Inform\u00e1tica, com \u00eanfase em Tecnologia Educacional, EaD e Software Livre. Especialista t\u00e9cnico e pedag\u00f3gico em comiss\u00f5es de verifica\u00e7\u00e3o de cursos de n\u00edvel de Educa\u00e7\u00e3o B\u00e1sica e Educa\u00e7\u00e3o Profissional pelo Conselho Estadual de Educa\u00e7\u00e3o (CEE\/GO).\n            <\/p>\n        <\/div>\n    <\/div>\n<\/div><div class=\"card\">\n    <div class=\"card-header\" id=\"headingTwo\">\n        <h4 class=\"mb-0\" data-toggle=\"collapse\" data-target=\"#collapseTwo\" aria-expanded=\"true\" aria-controls=\"collapseTwo\">\n              Especializa\u00e7\u00f5es?\n        <\/h4>\n    <\/div>\n\n    <div id=\"collapseTwo\" class=\"collapse \" aria-labelledby=\"headingTwo\" data-parent=\"#accordionExample\">\n        <div class=\"card-body\">\n            <p>\n                Especialista em Psicopedagogia e Neuroci\u00eancias pela Universidade Paulista (2020). Especialista em Forma\u00e7\u00e3o em Educa\u00e7\u00e3o a Dist\u00e2ncia pela Universidade Paulista (2019). Especialista em Educa\u00e7\u00e3o a Dist\u00e2ncia pela Faculdade de Tecnologia Senac Goi\u00e1s (2013). Especialista em Inform\u00e1tica em Educa\u00e7\u00e3o pela Universidade Federal de Lavras (2010). Especialista em Gest\u00e3o Escolar: Inspe\u00e7\u00e3o, Orienta\u00e7\u00e3o e Supervis\u00e3o Pedag\u00f3gica pelo Centro Universit\u00e1rio de Patos de Minas (2010).\n            <\/p>\n        <\/div>\n    <\/div>\n<\/div>[vc_column_text]Tamb\u00e9m sou membro do\u00a0<a href=\"https:\/\/gead.fe.ufg.br\/\" target=\"_blank\" rel=\"noreferrer noopener\">GEAD \u2013 Grupo de Estudos e Pesquisas em Educa\u00e7\u00e3o a Dist\u00e2ncia \u2013 GEaD\/FE\/UFG\/CNPq<\/a>.<\/p>\n<p><strong>Link do Lattes:\u00a0<a href=\"http:\/\/lattes.cnpq.br\/0342305357276508\" target=\"_blank\" rel=\"noreferrer noopener\">http:\/\/lattes.cnpq.br\/0342305357276508<\/a><\/strong><\/p>\n<p><strong>Link do Linkedin:\u00a0<a href=\"https:\/\/www.linkedin.com\/in\/daniel-caixeta-queiroz-garcia\" target=\"_blank\" rel=\"noopener\">https:\/\/www.linkedin.com\/in\/daniel-caixeta-queiroz-garcia<\/a><\/strong>[\/vc_column_text]<\/div>\n                    <\/div>\n\n            <\/div>\n        <\/div>\n    <\/div>\n    <!-- End About Area -->[\/vc_column][\/vc_row][vc_row][vc_column]<!-- Start Team \n    ============================================= -->\n    <div class=\"team-area default-padding-bottom bottom-less\">\n        <div class=\"container\">\n            <div class=\"row\">\n                <div class=\"col-lg-8 offset-lg-2\">\n                    <div class=\"site-heading text-center\">\n                        <h4>Parceiros<\/h4>\n                        <h2><\/h2>\n                    <\/div>\n                <\/div>\n            <\/div>\n        <\/div>\n        <div class=\"container\">\n            <div class=\"team-items text-center\">\n                <div class=\"row\"><!-- Sngle Item -->\n                    <div class=\"single-item col-lg-4 col-md-6\">\n                        <div class=\"item\">\n                            <div class=\"thumb\">\n                                <img decoding=\"async\" src=\"https:\/\/danielcaixeta.pro.br\/site\/wp-content\/uploads\/2023\/09\/FOTO-ALEX-227x300-1.jpeg\" alt=\"Thumb\">\n                                <div class=\"social\">\n                                    <input type=\"checkbox\" id=\"toggle\" class=\"share-toggle\" hidden>\n                                    <label for=\"toggle\" class=\"share-button\">\n                                        <i class=\"fas fa-plus\"><\/i>\n                                    <\/label>\n                                    <a href=\"https:\/\/www.linkedin.com\/in\/alex-santos-ab654864\/\" class=\"share-icon linkedin\">\n                                        <i class=\"fab fa-linkedin\"><\/i>\n                                    <\/a>\n                                    <a href=\"\" class=\"share-icon \">\n                                        <i class=\"\"><\/i>\n                                    <\/a>\n                                    <a href=\"\" class=\"share-icon \">\n                                        <i class=\"\"><\/i>\n                                    <\/a>\n                                <\/div>\n                            <\/div>\n                            <div class=\"info\">\n                                <h4><a href=\"https:\/\/danielcaixeta.pro.br\/site\/parceiros\/alex-luis-dos-santos\/\">Alex Luis dos Santos<\/a><\/h4>\n                                <span>Educa\u00e7\u00e3o<\/span>\n                            <\/div>\n                        <\/div>\n                    <\/div>\n                    <!-- End Sngle Item --><!-- Sngle Item -->\n                    <div class=\"single-item col-lg-4 col-md-6\">\n                        <div class=\"item\">\n                            <div class=\"thumb\">\n                                <img decoding=\"async\" src=\"https:\/\/danielcaixeta.pro.br\/site\/wp-content\/uploads\/2023\/09\/logo_gfarias_branco_sombra.png\" alt=\"Thumb\">\n                                <div class=\"social\">\n                                    <input type=\"checkbox\" id=\"toggle-2\" class=\"share-toggle\" hidden>\n                                    <label for=\"toggle-2\" class=\"share-button\">\n                                        <i class=\"fas fa-plus\"><\/i>\n                                    <\/label>\n                                    <a href=\"https:\/\/www.linkedin.com\/company\/gfariasonline\/\" class=\"share-icon linkedin\">\n                                        <i class=\"fab fa-linkedin\"><\/i>\n                                    <\/a>\n                                    <a href=\"\" class=\"share-icon \">\n                                        <i class=\"\"><\/i>\n                                    <\/a>\n                                    <a href=\"\" class=\"share-icon \">\n                                        <i class=\"\"><\/i>\n                                    <\/a>\n                                <\/div>\n                            <\/div>\n                            <div class=\"info\">\n                                <h4><a href=\"https:\/\/gfarias.com\/web\/\">G Farias Educa\u00e7\u00e3o<\/a><\/h4>\n                                <span>Tecnologia<\/span>\n                            <\/div>\n                        <\/div>\n                    <\/div>\n                    <!-- End Sngle Item --><!-- Sngle Item -->\n                    <div class=\"single-item col-lg-4 col-md-6\">\n                        <div class=\"item\">\n                            <div class=\"thumb\">\n                                <img decoding=\"async\" src=\"https:\/\/danielcaixeta.pro.br\/site\/wp-content\/uploads\/2023\/09\/kavouras.png\" alt=\"Thumb\">\n                                <div class=\"social\">\n                                    <input type=\"checkbox\" id=\"toggle-3\" class=\"share-toggle\" hidden>\n                                    <label for=\"toggle-3\" class=\"share-button\">\n                                        <i class=\"fas fa-plus\"><\/i>\n                                    <\/label>\n                                    <a href=\"https:\/\/www.linkedin.com\/company\/kavouras-multim%C3%ADdia\/\" class=\"share-icon linkedin\">\n                                        <i class=\"fab fa-linkedin\"><\/i>\n                                    <\/a>\n                                    <a href=\"https:\/\/www.facebook.com\/Kavourasmultimidia2021\" class=\"share-icon facebook\">\n                                        <i class=\"fab fa-facebook\"><\/i>\n                                    <\/a>\n                                    <a href=\"https:\/\/www.youtube.com\/channel\/UCYF5DshYxFffBN5LW8shZmQ\" class=\"share-icon youtube\">\n                                        <i class=\"fab fa-youtube\"><\/i>\n                                    <\/a>\n                                <\/div>\n                            <\/div>\n                            <div class=\"info\">\n                                <h4><a href=\"https:\/\/www.kavouras.com.br\/\">Kavouras<\/a><\/h4>\n                                <span>Educa\u00e7\u00e3o e Tecnologia<\/span>\n                            <\/div>\n                        <\/div>\n                    <\/div>\n                    <!-- End Sngle Item --><!-- Sngle Item -->\n                    <div class=\"single-item col-lg-4 col-md-6\">\n                        <div class=\"item\">\n                            <div class=\"thumb\">\n                                <img decoding=\"async\" src=\"https:\/\/danielcaixeta.pro.br\/site\/wp-content\/uploads\/2023\/09\/logo-boxedu-preto.png\" alt=\"Thumb\">\n                                <div class=\"social\">\n                                    <input type=\"checkbox\" id=\"toggle-4\" class=\"share-toggle\" hidden>\n                                    <label for=\"toggle-4\" class=\"share-button\">\n                                        <i class=\"fas fa-plus\"><\/i>\n                                    <\/label>\n                                    <a href=\"https:\/\/boxedu.com.br\/site\/\" class=\"share-icon house\">\n                                        <i class=\"fab fa-house\"><\/i>\n                                    <\/a>\n                                    <a href=\"https:\/\/www.facebook.com\/boxedusolucoes\" class=\"share-icon facebook\">\n                                        <i class=\"fab fa-facebook\"><\/i>\n                                    <\/a>\n                                    <a href=\"https:\/\/www.instagram.com\/box.educ\/\" class=\"share-icon instagram\">\n                                        <i class=\"fab fa-instagram\"><\/i>\n                                    <\/a>\n                                <\/div>\n                            <\/div>\n                            <div class=\"info\">\n                                <h4><a href=\"https:\/\/boxedu.com.br\/site\/\">Box Edu<\/a><\/h4>\n                                <span>Educa\u00e7\u00e3o<\/span>\n                            <\/div>\n                        <\/div>\n                    <\/div>\n                    <!-- End Sngle Item --><!-- Sngle Item -->\n                    <div class=\"single-item col-lg-4 col-md-6\">\n                        <div class=\"item\">\n                            <div class=\"thumb\">\n                                <img decoding=\"async\" src=\"https:\/\/danielcaixeta.pro.br\/site\/wp-content\/uploads\/2023\/10\/logotipo-shift.gif\" alt=\"Thumb\">\n                                <div class=\"social\">\n                                    <input type=\"checkbox\" id=\"toggle-5\" class=\"share-toggle\" hidden>\n                                    <label for=\"toggle-5\" class=\"share-button\">\n                                        <i class=\"fas fa-plus\"><\/i>\n                                    <\/label>\n                                    <a href=\"https:\/\/agenciashift.com.br\/\" class=\"share-icon house\">\n                                        <i class=\"fab fa-house\"><\/i>\n                                    <\/a>\n                                    <a href=\"https:\/\/www.facebook.com\/agenciashift\" class=\"share-icon facebook\">\n                                        <i class=\"fab fa-facebook\"><\/i>\n                                    <\/a>\n                                    <a href=\"https:\/\/www.instagram.com\/ag.shift\" class=\"share-icon instagram\">\n                                        <i class=\"fab fa-instagram\"><\/i>\n                                    <\/a>\n                                <\/div>\n                            <\/div>\n                            <div class=\"info\">\n                                <h4><a href=\"https:\/\/danielcaixeta.pro.br\/site\/parceiros\/agencia-shift\/\">Ag\u00eancia Shift<\/a><\/h4>\n                                <span>Marketing<\/span>\n                            <\/div>\n                        <\/div>\n                    <\/div>\n                    <!-- End Sngle Item --><\/div>\n            <\/div>\n        <\/div>\n    <\/div>\n    <!-- End Team Area -->[\/vc_column][\/vc_row]<\/p>\n<\/div>","protected":false},"excerpt":{"rendered":"<p>[vc_row][vc_column][vc_column_text]Tamb\u00e9m sou membro do\u00a0GEAD \u2013 Grupo de Estudos e Pesquisas em Educa\u00e7\u00e3o a Dist\u00e2ncia \u2013 GEaD\/FE\/UFG\/CNPq. Link do Lattes:\u00a0http:\/\/lattes.cnpq.br\/0342305357276508 Link do Linkedin:\u00a0https:\/\/www.linkedin.com\/in\/daniel-caixeta-queiroz-garcia[\/vc_column_text][\/vc_column][\/vc_row][vc_row][vc_column][\/vc_column][\/vc_row]<\/p>\n","protected":false},"author":1,"featured_media":0,"parent":0,"menu_order":0,"comment_status":"closed","ping_status":"closed","template":"page-templates\/pages.php","meta":{"productId":0,"courseId":0,"footnotes":""},"class_list":["post-94","page","type-page","status-publish","hentry"],"_links":{"self":[{"href":"https:\/\/danielcaixeta.pro.br\/site\/wp-json\/wp\/v2\/pages\/94","targetHints":{"allow":["GET"]}}],"collection":[{"href":"https:\/\/danielcaixeta.pro.br\/site\/wp-json\/wp\/v2\/pages"}],"about":[{"href":"https:\/\/danielcaixeta.pro.br\/site\/wp-json\/wp\/v2\/types\/page"}],"author":[{"embeddable":true,"href":"https:\/\/danielcaixeta.pro.br\/site\/wp-json\/wp\/v2\/users\/1"}],"replies":[{"embeddable":true,"href":"https:\/\/danielcaixeta.pro.br\/site\/wp-json\/wp\/v2\/comments?post=94"}],"version-history":[{"count":21,"href":"https:\/\/danielcaixeta.pro.br\/site\/wp-json\/wp\/v2\/pages\/94\/revisions"}],"predecessor-version":[{"id":1693,"href":"https:\/\/danielcaixeta.pro.br\/site\/wp-json\/wp\/v2\/pages\/94\/revisions\/1693"}],"wp:attachment":[{"href":"https:\/\/danielcaixeta.pro.br\/site\/wp-json\/wp\/v2\/media?parent=94"}],"curies":[{"name":"wp","href":"https:\/\/api.w.org\/{rel}","templated":true}]}}