{"id":1858,"date":"2025-10-08T00:42:14","date_gmt":"2025-10-08T00:42:14","guid":{"rendered":"https:\/\/danielcaixeta.pro.br\/site\/eb-meus-cursos\/"},"modified":"2025-10-08T00:42:14","modified_gmt":"2025-10-08T00:42:14","slug":"eb-meus-cursos","status":"publish","type":"page","link":"https:\/\/danielcaixeta.pro.br\/site\/eb-meus-cursos\/","title":{"rendered":"Meus Cursos"},"content":{"rendered":"<div class=\"edwiser-bridge\"><div class=\"eb-my-courses-wrapper\"><span class=\"eb-my-courses-h2\">Meus cursos<\/span>\r\n\t\t\t\t\t\t<p>\r\n\t\t\t\tVoc\u00ea n\u00e3o est\u00e1 logado. <a href='https:\/\/danielcaixeta.pro.br\/site\/minha-conta\/'>Clique aqui<\/a> Entrar. \t\t\t<\/p>\r\n\t\t\t<\/div><\/div>\n","protected":false},"excerpt":{"rendered":"Meus cursos Voc\u00ea n\u00e3o est\u00e1 logado. Clique aqui Entrar.","protected":false},"author":1,"featured_media":0,"parent":0,"menu_order":0,"comment_status":"closed","ping_status":"closed","template":"","meta":{"productId":0,"courseId":0,"footnotes":""},"class_list":["post-1858","page","type-page","status-publish","hentry"],"_links":{"self":[{"href":"https:\/\/danielcaixeta.pro.br\/site\/wp-json\/wp\/v2\/pages\/1858","targetHints":{"allow":["GET"]}}],"collection":[{"href":"https:\/\/danielcaixeta.pro.br\/site\/wp-json\/wp\/v2\/pages"}],"about":[{"href":"https:\/\/danielcaixeta.pro.br\/site\/wp-json\/wp\/v2\/types\/page"}],"author":[{"embeddable":true,"href":"https:\/\/danielcaixeta.pro.br\/site\/wp-json\/wp\/v2\/users\/1"}],"replies":[{"embeddable":true,"href":"https:\/\/danielcaixeta.pro.br\/site\/wp-json\/wp\/v2\/comments?post=1858"}],"version-history":[{"count":0,"href":"https:\/\/danielcaixeta.pro.br\/site\/wp-json\/wp\/v2\/pages\/1858\/revisions"}],"wp:attachment":[{"href":"https:\/\/danielcaixeta.pro.br\/site\/wp-json\/wp\/v2\/media?parent=1858"}],"curies":[{"name":"wp","href":"https:\/\/api.w.org\/{rel}","templated":true}]}}