{"id":174,"date":"2021-01-25T10:08:33","date_gmt":"2021-01-25T10:08:33","guid":{"rendered":"https:\/\/wpriverthemes.com\/tanda\/?page_id=174"},"modified":"2023-10-02T22:57:03","modified_gmt":"2023-10-02T22:57:03","slug":"instalacao-e-configuracao-do-moodle","status":"publish","type":"page","link":"https:\/\/danielcaixeta.pro.br\/site\/servicos\/servicos-tecnologicos\/instalacao-e-configuracao-do-moodle\/","title":{"rendered":"Instala\u00e7\u00e3o e Configura\u00e7\u00e3o do Moodle"},"content":{"rendered":"<div class=\"wpb-content-wrapper\"><p>[vc_row][vc_column]<!-- Start Services \n    ============================================= -->\n    <div class=\"services-area default-padding bg-cover\">\n        <div class=\"container\">\n            <div class=\"services-tabs\">\n                <ul id=\"tabs\" class=\"nav nav-tabs\"><li class=\"nav-item\">\n                        <a href=\"\" data-target=\"#tab1\" data-toggle=\"tab\" class=\"active nav-link\">Servi\u00e7os Tecnol\u00f3gicos<\/a>\n                    <\/li><\/ul>\n                <div id=\"tabsContent\" class=\"tab-content wow fadeInUp\" data-wow-delay=\"0.5s\"><div id=\"tab1\" class=\"tab-pane fade active show\">\n                        <div class=\"row\">\n                            <div class=\"col-lg-5 col-md-12 thumb\" style=\"background-image: url(https:\/\/danielcaixeta.pro.br\/site\/wp-content\/uploads\/2023\/10\/Moodle-Icon-1024-corners.png);\"><\/div>\n                            <div class=\"col-lg-7 col-md-12 info\">\n                                <div class=\"content\">\n                                    <i class=\"flaticon-analytics\"><\/i>\n                                    <h2>Instala\u00e7\u00e3o e Configura\u00e7\u00e3o do Moodle<\/h2>\n                                    <p>\n                                        Instala\u00e7\u00e3o da vers\u00e3o mais atual do Moodle no servidor online do contratante e configura\u00e7\u00f5es de seguran\u00e7a.\n                                    <\/p>\n                                    <ul>\n                                        <li>Acesso ao servidor da institui\u00e7\u00e3o para que seja feita a instala\u00e7\u00e3o.<\/li>\n                                        <li>Caso a institui\u00e7\u00e3o n\u00e3o tenha servi\u00e7o de hospedagem de servidor j\u00e1 contratado, posso realizar a indica\u00e7\u00e3o de servi\u00e7os confi\u00e1veis e fa\u00e7o a media\u00e7\u00e3o da contrata\u00e7\u00e3o.<\/li>\n                                        <li>Prazo M\u00e9dio de Conclus\u00e3o em at\u00e9 duas semanas.<\/li>\n                                    <\/ul><a href=\"#\" class=\"btn-more\">Entre em Contato<\/a><\/div>\n                            <\/div>\n                        <\/div>\n                    <\/div><\/div>\n            <\/div>\n        <\/div>\n    <\/div>\n    <!-- End Services Area -->[\/vc_column][\/vc_row]<\/p>\n<\/div>","protected":false},"excerpt":{"rendered":"<p>[vc_row][vc_column][\/vc_column][\/vc_row]<\/p>\n","protected":false},"author":1,"featured_media":0,"parent":1402,"menu_order":0,"comment_status":"closed","ping_status":"closed","template":"page-templates\/pages.php","meta":{"productId":0,"courseId":0,"footnotes":""},"class_list":["post-174","page","type-page","status-publish","hentry"],"_links":{"self":[{"href":"https:\/\/danielcaixeta.pro.br\/site\/wp-json\/wp\/v2\/pages\/174","targetHints":{"allow":["GET"]}}],"collection":[{"href":"https:\/\/danielcaixeta.pro.br\/site\/wp-json\/wp\/v2\/pages"}],"about":[{"href":"https:\/\/danielcaixeta.pro.br\/site\/wp-json\/wp\/v2\/types\/page"}],"author":[{"embeddable":true,"href":"https:\/\/danielcaixeta.pro.br\/site\/wp-json\/wp\/v2\/users\/1"}],"replies":[{"embeddable":true,"href":"https:\/\/danielcaixeta.pro.br\/site\/wp-json\/wp\/v2\/comments?post=174"}],"version-history":[{"count":4,"href":"https:\/\/danielcaixeta.pro.br\/site\/wp-json\/wp\/v2\/pages\/174\/revisions"}],"predecessor-version":[{"id":1568,"href":"https:\/\/danielcaixeta.pro.br\/site\/wp-json\/wp\/v2\/pages\/174\/revisions\/1568"}],"up":[{"embeddable":true,"href":"https:\/\/danielcaixeta.pro.br\/site\/wp-json\/wp\/v2\/pages\/1402"}],"wp:attachment":[{"href":"https:\/\/danielcaixeta.pro.br\/site\/wp-json\/wp\/v2\/media?parent=174"}],"curies":[{"name":"wp","href":"https:\/\/api.w.org\/{rel}","templated":true}]}}