{"id":1700,"date":"2023-10-17T14:33:42","date_gmt":"2023-10-17T14:33:42","guid":{"rendered":"https:\/\/danielcaixeta.pro.br\/site\/?page_id=1700"},"modified":"2023-10-17T14:37:33","modified_gmt":"2023-10-17T14:37:33","slug":"gfarias","status":"publish","type":"page","link":"https:\/\/danielcaixeta.pro.br\/site\/parceiros\/gfarias\/","title":{"rendered":"GFarias"},"content":{"rendered":"<div class=\"wpb-content-wrapper\"><p>[vc_row][vc_column]<!-- Start Case Details \n    ============================================= -->\n    <div class=\"case-details-area services-details-area default-padding\">\n        <div class=\"container\">\n            <div class=\"case-content\">\n                <div class=\"top-info\">\n                    <div class=\"row\">\n                        <div class=\"col-lg-7 thumb\">\n                            <img decoding=\"async\" src=\"https:\/\/danielcaixeta.pro.br\/site\/wp-content\/uploads\/2023\/09\/logo_gfarias_branco_sombra.png\" alt=\"Thumb\">\n                        <\/div>\n                        <div class=\"col-lg-5 left-info\">\n                            <h2>GFARIAS<\/h2>\n                            <p>\n                                Equipe que entende tanto de produtos (tecnologia) quanto de processos (educa\u00e7\u00e3o), prestando servi\u00e7os para os segmentos de faculdade, empreendedores, corpora\u00e7\u00f5es, setor p\u00fablico, escolas, professores.\n                            <\/p>\n                            <ul class=\"project-info\">\n                            <li>\n                                <div class=\"title\"><h5>Hospedagem especializada<\/h5><\/div>\n                                <div class=\"details\">Moodle, OJS, WordPress e BigBlueButton e outras tecnologias.<\/div>\n                            <\/li>\n                            <li>\n                                <div class=\"title\"><h5>Suporte T\u00e9cnico<\/h5><\/div>\n                                <div class=\"details\">Gest\u00e3o operacional com agilidade e efic\u00e1cia que tr\u00e1s seguran\u00e7a e tranquilidade.<\/div>\n                            <\/li>\n                            <li>\n                                <div class=\"title\"><h5>Capacita\u00e7\u00e3o pontual ou cont\u00ednua <\/h5><\/div>\n                                <div class=\"details\">no uso das tecnologias e metodologias de trabalho envolvidos.<\/div>\n                            <\/li>\n                            <li>\n                                <div class=\"title\"><h5>Consultoria t\u00e9cnica, <\/h5><\/div>\n                                <div class=\"details\">Pedag\u00f3gica, estrat\u00e9gica para otimizar sua opera\u00e7\u00e3o.<\/div>\n                            <\/li>\n                            <\/ul>\n                        <\/div>\n                    <\/div>\n                <\/div>[vc_column_text css=&#8221;.vc_custom_1696946710682{margin-bottom: 25px !important;}&#8221;]<\/p>\n<h3>Experi\u00eancias<\/h3>\n<p>[\/vc_column_text][vc_column_text css=&#8221;.vc_custom_1697553450689{margin-bottom: 15px !important;}&#8221;]<\/p>\n<div class=\"x-text x-text-headline e555-e6 mff-3i mff-3j mff-3k mff-3l mff-3m mff-3n mff-3o mff-3p mff-3q mff-3r mff-3s mff-3t mff-3u mff-3v mff-3w mff-3x\" data-x-element-text-type=\"{&quot;strings&quot;:[&quot;tecnologias&quot;,&quot;servi\\u00e7os&quot;,&quot;conhecimento&quot;],&quot;type_speed&quot;:150,&quot;back_speed&quot;:0,&quot;start_delay&quot;:50,&quot;back_delay&quot;:50,&quot;loop&quot;:true,&quot;show_cursor&quot;:true,&quot;cursor&quot;:&quot;|&quot;}\">\n<div class=\"x-text-content\">\n<div class=\"x-text-content-text\">\n<p class=\"x-text-content-text-primary\">Desde 1997 ofertamos para implanta\u00e7\u00e3o de educa\u00e7\u00e3o online.<\/p>\n<\/div>\n<\/div>\n<\/div>\n<p><a href=\"https:\/\/gfarias.com\/web\/\">SITE:https:\/\/gfarias.com\/web\/<\/a>[\/vc_column_text][\/vc_column][\/vc_row]<\/p>\n<\/div>","protected":false},"excerpt":{"rendered":"<p>[vc_row][vc_column][vc_column_text css=&#8221;.vc_custom_1696946710682{margin-bottom: 25px !important;}&#8221;] Experi\u00eancias [\/vc_column_text][vc_column_text css=&#8221;.vc_custom_1697553450689{margin-bottom: 15px !important;}&#8221;] Desde 1997 ofertamos para implanta\u00e7\u00e3o de educa\u00e7\u00e3o online. SITE:https:\/\/gfarias.com\/web\/[\/vc_column_text][\/vc_column][\/vc_row]<\/p>\n","protected":false},"author":1,"featured_media":0,"parent":1664,"menu_order":0,"comment_status":"closed","ping_status":"closed","template":"page-templates\/pages.php","meta":{"productId":0,"courseId":0,"footnotes":""},"class_list":["post-1700","page","type-page","status-publish","hentry"],"_links":{"self":[{"href":"https:\/\/danielcaixeta.pro.br\/site\/wp-json\/wp\/v2\/pages\/1700","targetHints":{"allow":["GET"]}}],"collection":[{"href":"https:\/\/danielcaixeta.pro.br\/site\/wp-json\/wp\/v2\/pages"}],"about":[{"href":"https:\/\/danielcaixeta.pro.br\/site\/wp-json\/wp\/v2\/types\/page"}],"author":[{"embeddable":true,"href":"https:\/\/danielcaixeta.pro.br\/site\/wp-json\/wp\/v2\/users\/1"}],"replies":[{"embeddable":true,"href":"https:\/\/danielcaixeta.pro.br\/site\/wp-json\/wp\/v2\/comments?post=1700"}],"version-history":[{"count":3,"href":"https:\/\/danielcaixeta.pro.br\/site\/wp-json\/wp\/v2\/pages\/1700\/revisions"}],"predecessor-version":[{"id":1703,"href":"https:\/\/danielcaixeta.pro.br\/site\/wp-json\/wp\/v2\/pages\/1700\/revisions\/1703"}],"up":[{"embeddable":true,"href":"https:\/\/danielcaixeta.pro.br\/site\/wp-json\/wp\/v2\/pages\/1664"}],"wp:attachment":[{"href":"https:\/\/danielcaixeta.pro.br\/site\/wp-json\/wp\/v2\/media?parent=1700"}],"curies":[{"name":"wp","href":"https:\/\/api.w.org\/{rel}","templated":true}]}}