{"id":1686,"date":"2023-10-17T14:28:10","date_gmt":"2023-10-17T14:28:10","guid":{"rendered":"https:\/\/danielcaixeta.pro.br\/site\/?page_id=1686"},"modified":"2023-10-17T14:31:48","modified_gmt":"2023-10-17T14:31:48","slug":"box-edu","status":"publish","type":"page","link":"https:\/\/danielcaixeta.pro.br\/site\/parceiros\/box-edu\/","title":{"rendered":"Box Edu"},"content":{"rendered":"<div class=\"wpb-content-wrapper\"><p>[vc_row][vc_column]<!-- Start Case Details \n    ============================================= -->\n    <div class=\"case-details-area services-details-area default-padding\">\n        <div class=\"container\">\n            <div class=\"case-content\">\n                <div class=\"top-info\">\n                    <div class=\"row\">\n                        <div class=\"col-lg-7 thumb\">\n                            <img decoding=\"async\" src=\"https:\/\/danielcaixeta.pro.br\/site\/wp-content\/uploads\/2023\/09\/logo-boxedu-preto.png\" alt=\"Thumb\">\n                        <\/div>\n                        <div class=\"col-lg-5 left-info\">\n                            <h2>Box Edu - Solu\u00e7\u00f5es Educacionais<\/h2>\n                            <p>\n                                \n                            <\/p>\n                            <ul class=\"project-info\">\n                            <li>\n                                <div class=\"title\"><h5>\u00c9 empresa de consultoria educacional que tamb\u00e9m oferece servi\u00e7os de capacita\u00e7\u00e3o profissional dentre outros, sempre com a melhor qualidade para voc\u00ea e sua institui\u00e7\u00e3o!<\/h5><\/div>\n                                <div class=\"details\"><\/div>\n                            <\/li>\n                            <li>\n                                <div class=\"title\"><h5>Credenciamento, Reconhecimento e Autoriza\u00e7\u00e3o<\/h5><\/div>\n                                <div class=\"details\">Efetua todo o processo de credenciamento e tamb\u00e9m faz o posterior acompanhamento da institui\u00e7\u00e3o ou cursos, junto aos Conselhos de Educa\u00e7\u00e3o e\/ou Minist\u00e9rio da Educa\u00e7\u00e3o, ou seja, lidamos com todo o processo para voc\u00ea.<\/div>\n                            <\/li>\n                            <li>\n                                <div class=\"title\"><h5>Gest\u00e3o de Secretaria<\/h5><\/div>\n                                <div class=\"details\">A Secretaria \u00e9 um setor necess\u00e1rio a toda institui\u00e7\u00e3o educacional.<\/div>\n                            <\/li>\n                            <li>\n                                <div class=\"title\"><h5>Capacita\u00e7\u00e3o Profissional<\/h5><\/div>\n                                <div class=\"details\">A institui\u00e7\u00e3o \u00e9 um sistema composto por diversas \u00e1reas que se complementam e se interrelacionam<\/div>\n                            <\/li>\n                            <\/ul>\n                        <\/div>\n                    <\/div>\n                <\/div>[vc_column_text css=&#8221;.vc_custom_1696946710682{margin-bottom: 25px !important;}&#8221;]<\/p>\n<h3>Experi\u00eancias<\/h3>\n<p>[\/vc_column_text][vc_column_text css=&#8221;.vc_custom_1697552887162{margin-bottom: 15px !important;}&#8221;]A BoxEdu oferece servi\u00e7os de Assessoria e Consultoria Educacional que s\u00e3o prestados por profissionais capacitados com conhecimentos interdisciplinares e anos de experi\u00eancia no ramo da educa\u00e7\u00e3o! N\u00f3s fazemos uso de todo esse know-how para conduzir a sua Institui\u00e7\u00e3o de Ensino oferecendo a voc\u00ea e sua institui\u00e7\u00e3o solu\u00e7\u00f5es inteligentes que ir\u00e3o tornar esse processo mais pr\u00e1tico, f\u00e1cil e din\u00e2mico. Atuamos nas mais diversas \u00e1reas desde o planejamento estrat\u00e9gico at\u00e9 as opera\u00e7\u00f5es.<\/p>\n<p><a href=\"https:\/\/boxedu.com.br\/site\/\">SITE: https:\/\/boxedu.com.br\/site\/<\/a>[\/vc_column_text][\/vc_column][\/vc_row]<\/p>\n<\/div>","protected":false},"excerpt":{"rendered":"<p>[vc_row][vc_column][vc_column_text css=&#8221;.vc_custom_1696946710682{margin-bottom: 25px !important;}&#8221;] Experi\u00eancias [\/vc_column_text][vc_column_text css=&#8221;.vc_custom_1697552887162{margin-bottom: 15px !important;}&#8221;]A BoxEdu oferece servi\u00e7os de Assessoria e Consultoria Educacional que s\u00e3o prestados por profissionais capacitados com conhecimentos interdisciplinares e anos de experi\u00eancia no ramo da educa\u00e7\u00e3o! N\u00f3s fazemos uso de todo esse know-how para conduzir a sua Institui\u00e7\u00e3o de Ensino oferecendo a voc\u00ea e sua institui\u00e7\u00e3o solu\u00e7\u00f5es [&hellip;]<\/p>\n","protected":false},"author":1,"featured_media":0,"parent":1664,"menu_order":0,"comment_status":"closed","ping_status":"closed","template":"page-templates\/pages.php","meta":{"productId":0,"courseId":0,"footnotes":""},"class_list":["post-1686","page","type-page","status-publish","hentry"],"_links":{"self":[{"href":"https:\/\/danielcaixeta.pro.br\/site\/wp-json\/wp\/v2\/pages\/1686","targetHints":{"allow":["GET"]}}],"collection":[{"href":"https:\/\/danielcaixeta.pro.br\/site\/wp-json\/wp\/v2\/pages"}],"about":[{"href":"https:\/\/danielcaixeta.pro.br\/site\/wp-json\/wp\/v2\/types\/page"}],"author":[{"embeddable":true,"href":"https:\/\/danielcaixeta.pro.br\/site\/wp-json\/wp\/v2\/users\/1"}],"replies":[{"embeddable":true,"href":"https:\/\/danielcaixeta.pro.br\/site\/wp-json\/wp\/v2\/comments?post=1686"}],"version-history":[{"count":2,"href":"https:\/\/danielcaixeta.pro.br\/site\/wp-json\/wp\/v2\/pages\/1686\/revisions"}],"predecessor-version":[{"id":1699,"href":"https:\/\/danielcaixeta.pro.br\/site\/wp-json\/wp\/v2\/pages\/1686\/revisions\/1699"}],"up":[{"embeddable":true,"href":"https:\/\/danielcaixeta.pro.br\/site\/wp-json\/wp\/v2\/pages\/1664"}],"wp:attachment":[{"href":"https:\/\/danielcaixeta.pro.br\/site\/wp-json\/wp\/v2\/media?parent=1686"}],"curies":[{"name":"wp","href":"https:\/\/api.w.org\/{rel}","templated":true}]}}