{"id":1685,"date":"2023-10-10T14:42:14","date_gmt":"2023-10-10T14:42:14","guid":{"rendered":"https:\/\/danielcaixeta.pro.br\/site\/?page_id=1685"},"modified":"2023-10-10T14:45:10","modified_gmt":"2023-10-10T14:45:10","slug":"agencia-shift","status":"publish","type":"page","link":"https:\/\/danielcaixeta.pro.br\/site\/parceiros\/agencia-shift\/","title":{"rendered":"Ag\u00eancia Shift"},"content":{"rendered":"<div class=\"wpb-content-wrapper\"><p>[vc_row][vc_column]<!-- Start Case Details \n    ============================================= -->\n    <div class=\"case-details-area services-details-area default-padding\">\n        <div class=\"container\">\n            <div class=\"case-content\">\n                <div class=\"top-info\">\n                    <div class=\"row\">\n                        <div class=\"col-lg-7 thumb\">\n                            <img decoding=\"async\" src=\"https:\/\/danielcaixeta.pro.br\/site\/wp-content\/uploads\/2023\/10\/logotipo-shift.gif\" alt=\"Thumb\">\n                        <\/div>\n                        <div class=\"col-lg-5 left-info\">\n                            <h2>Ag\u00eancia Shift<\/h2>\n                            <p>\n                                \n                            <\/p>\n                            <ul class=\"project-info\">\n                            <li>\n                                <div class=\"title\"><h5>Branding<\/h5><\/div>\n                                <div class=\"details\"><\/div>\n                            <\/li>\n                            <li>\n                                <div class=\"title\"><h5>Marketing Digital\/Tr\u00e1fego<\/h5><\/div>\n                                <div class=\"details\"><\/div>\n                            <\/li>\n                            <li>\n                                <div class=\"title\"><h5>V\u00eddeo<\/h5><\/div>\n                                <div class=\"details\"><\/div>\n                            <\/li>\n                            <li>\n                                <div class=\"title\"><h5>Fotografia<\/h5><\/div>\n                                <div class=\"details\"><\/div>\n                            <\/li>\n                            <\/ul>\n                        <\/div>\n                    <\/div>\n                <\/div>[vc_column_text css=&#8221;.vc_custom_1696946710682{margin-bottom: 25px !important;}&#8221;]<\/p>\n<h3>Experi\u00eancias<\/h3>\n<p>[\/vc_column_text][vc_column_text css=&#8221;.vc_custom_1696949053697{margin-bottom: 15px !important;}&#8221;]Somos uma ag\u00eancia capaz de atender nas mais diversas \u00e1reas: fotografia, publica\u00e7\u00f5es de redes sociais, v\u00eddeos e at\u00e9 campanhas que exigem maior n\u00edvel de elabora\u00e7\u00e3o publicit\u00e1ria. Al\u00e9m disso, oferecemos um servi\u00e7o de tr\u00e1fego e marketing digital, para voc\u00ea alcan\u00e7ar seu p\u00fablico de maneira eficaz na internet.<\/p>\n<p>Ag\u00eancia Shift: <a href=\"https:\/\/agenciashift.com.br\/\">https:\/\/agenciashift.com.br\/<\/a>[\/vc_column_text][\/vc_column][\/vc_row]<\/p>\n<\/div>","protected":false},"excerpt":{"rendered":"<p>[vc_row][vc_column][vc_column_text css=&#8221;.vc_custom_1696946710682{margin-bottom: 25px !important;}&#8221;] Experi\u00eancias [\/vc_column_text][vc_column_text css=&#8221;.vc_custom_1696949053697{margin-bottom: 15px !important;}&#8221;]Somos uma ag\u00eancia capaz de atender nas mais diversas \u00e1reas: fotografia, publica\u00e7\u00f5es de redes sociais, v\u00eddeos e at\u00e9 campanhas que exigem maior n\u00edvel de elabora\u00e7\u00e3o publicit\u00e1ria. Al\u00e9m disso, oferecemos um servi\u00e7o de tr\u00e1fego e marketing digital, para voc\u00ea alcan\u00e7ar seu p\u00fablico de maneira eficaz na internet. Ag\u00eancia [&hellip;]<\/p>\n","protected":false},"author":1,"featured_media":0,"parent":1664,"menu_order":0,"comment_status":"closed","ping_status":"closed","template":"page-templates\/pages.php","meta":{"productId":0,"courseId":0,"footnotes":""},"class_list":["post-1685","page","type-page","status-publish","hentry"],"_links":{"self":[{"href":"https:\/\/danielcaixeta.pro.br\/site\/wp-json\/wp\/v2\/pages\/1685","targetHints":{"allow":["GET"]}}],"collection":[{"href":"https:\/\/danielcaixeta.pro.br\/site\/wp-json\/wp\/v2\/pages"}],"about":[{"href":"https:\/\/danielcaixeta.pro.br\/site\/wp-json\/wp\/v2\/types\/page"}],"author":[{"embeddable":true,"href":"https:\/\/danielcaixeta.pro.br\/site\/wp-json\/wp\/v2\/users\/1"}],"replies":[{"embeddable":true,"href":"https:\/\/danielcaixeta.pro.br\/site\/wp-json\/wp\/v2\/comments?post=1685"}],"version-history":[{"count":4,"href":"https:\/\/danielcaixeta.pro.br\/site\/wp-json\/wp\/v2\/pages\/1685\/revisions"}],"predecessor-version":[{"id":1691,"href":"https:\/\/danielcaixeta.pro.br\/site\/wp-json\/wp\/v2\/pages\/1685\/revisions\/1691"}],"up":[{"embeddable":true,"href":"https:\/\/danielcaixeta.pro.br\/site\/wp-json\/wp\/v2\/pages\/1664"}],"wp:attachment":[{"href":"https:\/\/danielcaixeta.pro.br\/site\/wp-json\/wp\/v2\/media?parent=1685"}],"curies":[{"name":"wp","href":"https:\/\/api.w.org\/{rel}","templated":true}]}}