{"id":1649,"date":"2023-10-04T14:13:25","date_gmt":"2023-10-04T14:13:25","guid":{"rendered":"https:\/\/danielcaixeta.pro.br\/site\/?page_id=1649"},"modified":"2023-10-04T14:13:25","modified_gmt":"2023-10-04T14:13:25","slug":"suporte-pedagogico","status":"publish","type":"page","link":"https:\/\/danielcaixeta.pro.br\/site\/servicos\/servicos-educacionais\/suporte-pedagogico\/","title":{"rendered":"Suporte Pedag\u00f3gico"},"content":{"rendered":"<div class=\"wpb-content-wrapper\"><p>[vc_row][vc_column]<!-- Start Services \n    ============================================= -->\n    <div class=\"services-area default-padding bg-cover\">\n        <div class=\"container\">\n            <div class=\"services-tabs\">\n                <ul id=\"tabs\" class=\"nav nav-tabs\"><li class=\"nav-item\">\n                        <a href=\"\" data-target=\"#tab1\" data-toggle=\"tab\" class=\"active nav-link\">Servi\u00e7os Educacionais<\/a>\n                    <\/li><\/ul>\n                <div id=\"tabsContent\" class=\"tab-content wow fadeInUp\" data-wow-delay=\"0.5s\"><div id=\"tab1\" class=\"tab-pane fade active show\">\n                        <div class=\"row\">\n                            <div class=\"col-lg-5 col-md-12 thumb\" style=\"background-image: url(https:\/\/danielcaixeta.pro.br\/site\/wp-content\/uploads\/2023\/10\/suporte-educacional.png);\"><\/div>\n                            <div class=\"col-lg-7 col-md-12 info\">\n                                <div class=\"content\">\n                                    <i class=\"flaticon-analytics\"><\/i>\n                                    <h2>Suporte Pedag\u00f3gico<\/h2>\n                                    <p>\n                                        Nossa consultoria oferece apoio especializado para atender \u00e0s demandas de suporte pedag\u00f3gico na \u00e1rea de educa\u00e7\u00e3o a dist\u00e2ncia, garantindo um acompanhamento eficiente e personalizado aos alunos e aos profissionais envolvidos no processo educativo. Nosso objetivo \u00e9 proporcionar uma experi\u00eancia de aprendizagem enriquecedora e de alta qualidade, contribuindo para o sucesso acad\u00eamico e o desenvolvimento integral dos estudantes em um ambiente virtual.<br \/>\nPara alcan\u00e7ar esse objetivo, nossos servi\u00e7os de suporte pedag\u00f3gico na educa\u00e7\u00e3o a dist\u00e2ncia incluem:\n                                    <\/p>\n                                    <ul>\n                                        <li>Desenvolvimento e implementa\u00e7\u00e3o de estrat\u00e9gias de suporte: Com base no diagn\u00f3stico, elaboramos e implementamos estrat\u00e9gias e a\u00e7\u00f5es de suporte pedag\u00f3gico adaptadas \u00e0s necessidades da educa\u00e7\u00e3o a dist\u00e2ncia, considerando aspectos como intera\u00e7\u00e3o, comunica\u00e7\u00e3o, feedback, avalia\u00e7\u00e3o e acompanhamento dos alunos no ambiente virtual.<\/li>\n                                        <li>Monitoramento e avalia\u00e7\u00e3o cont\u00ednua: Acompanhamos de perto o desempenho e a efic\u00e1cia das estrat\u00e9gias de suporte pedag\u00f3gico implementadas, coletando feedback dos alunos, tutores e docentes e realizando ajustes e melhorias conforme necess\u00e1rio, visando a excel\u00eancia no atendimento pedag\u00f3gico na educa\u00e7\u00e3o a dist\u00e2ncia.<\/li>\n                                        <li>Suporte e orienta\u00e7\u00e3o: Oferecemos suporte cont\u00ednuo aos tutores, docentes e demais profissionais envolvidos no processo de ensino-aprendizagem a dist\u00e2ncia, ajudando a resolver d\u00favidas, compartilhando boas pr\u00e1ticas e atualiza\u00e7\u00f5es no campo da educa\u00e7\u00e3o a dist\u00e2ncia e promovendo a troca de experi\u00eancias entre os profissionais.<\/li>\n                                    <\/ul><a href=\"#\" class=\"btn-more\">Entre em Contato<\/a><\/div>\n                            <\/div>\n                        <\/div>\n                    <\/div><\/div>\n            <\/div>\n        <\/div>\n    <\/div>\n    <!-- End Services Area -->[\/vc_column][\/vc_row]<\/p>\n<\/div>","protected":false},"excerpt":{"rendered":"<p>[vc_row][vc_column][\/vc_column][\/vc_row]<\/p>\n","protected":false},"author":1,"featured_media":0,"parent":1430,"menu_order":0,"comment_status":"closed","ping_status":"closed","template":"page-templates\/pages.php","meta":{"productId":0,"courseId":0,"footnotes":""},"class_list":["post-1649","page","type-page","status-publish","hentry"],"_links":{"self":[{"href":"https:\/\/danielcaixeta.pro.br\/site\/wp-json\/wp\/v2\/pages\/1649","targetHints":{"allow":["GET"]}}],"collection":[{"href":"https:\/\/danielcaixeta.pro.br\/site\/wp-json\/wp\/v2\/pages"}],"about":[{"href":"https:\/\/danielcaixeta.pro.br\/site\/wp-json\/wp\/v2\/types\/page"}],"author":[{"embeddable":true,"href":"https:\/\/danielcaixeta.pro.br\/site\/wp-json\/wp\/v2\/users\/1"}],"replies":[{"embeddable":true,"href":"https:\/\/danielcaixeta.pro.br\/site\/wp-json\/wp\/v2\/comments?post=1649"}],"version-history":[{"count":2,"href":"https:\/\/danielcaixeta.pro.br\/site\/wp-json\/wp\/v2\/pages\/1649\/revisions"}],"predecessor-version":[{"id":1652,"href":"https:\/\/danielcaixeta.pro.br\/site\/wp-json\/wp\/v2\/pages\/1649\/revisions\/1652"}],"up":[{"embeddable":true,"href":"https:\/\/danielcaixeta.pro.br\/site\/wp-json\/wp\/v2\/pages\/1430"}],"wp:attachment":[{"href":"https:\/\/danielcaixeta.pro.br\/site\/wp-json\/wp\/v2\/media?parent=1649"}],"curies":[{"name":"wp","href":"https:\/\/api.w.org\/{rel}","templated":true}]}}