{"id":1645,"date":"2023-10-04T14:04:39","date_gmt":"2023-10-04T14:04:39","guid":{"rendered":"https:\/\/danielcaixeta.pro.br\/site\/?page_id=1645"},"modified":"2023-10-04T14:04:39","modified_gmt":"2023-10-04T14:04:39","slug":"tutoria-em-ead","status":"publish","type":"page","link":"https:\/\/danielcaixeta.pro.br\/site\/servicos\/servicos-educacionais\/tutoria-em-ead\/","title":{"rendered":"Tutoria em EAD"},"content":{"rendered":"<div class=\"wpb-content-wrapper\"><p>[vc_row][vc_column]<!-- Start Services \n    ============================================= -->\n    <div class=\"services-area default-padding bg-cover\">\n        <div class=\"container\">\n            <div class=\"services-tabs\">\n                <ul id=\"tabs\" class=\"nav nav-tabs\"><li class=\"nav-item\">\n                        <a href=\"\" data-target=\"#tab1\" data-toggle=\"tab\" class=\"active nav-link\">Servi\u00e7os Educacionais<\/a>\n                    <\/li><\/ul>\n                <div id=\"tabsContent\" class=\"tab-content wow fadeInUp\" data-wow-delay=\"0.5s\"><div id=\"tab1\" class=\"tab-pane fade active show\">\n                        <div class=\"row\">\n                            <div class=\"col-lg-5 col-md-12 thumb\" style=\"background-image: url(https:\/\/danielcaixeta.pro.br\/site\/wp-content\/uploads\/2023\/10\/tutoria-em-ead-vertical.png);\"><\/div>\n                            <div class=\"col-lg-7 col-md-12 info\">\n                                <div class=\"content\">\n                                    <i class=\"flaticon-analytics\"><\/i>\n                                    <h2>Tutoria em EAD<\/h2>\n                                    <p>\n                                        Nossa consultoria especializada em tutoria para educa\u00e7\u00e3o a dist\u00e2ncia tem como objetivo desenvolver e implementar um modelo eficaz e personalizado, trabalhando em colabora\u00e7\u00e3o com os profissionais de nossa empresa e da sua institui\u00e7\u00e3o. Nosso prop\u00f3sito \u00e9 atender \u00e0s demandas dos seus alunos, oferecendo um suporte pedag\u00f3gico de alta qualidade, ao mesmo tempo em que proporcionamos economia e praticidade na otimiza\u00e7\u00e3o dos servi\u00e7os de tutoria online. Para alcan\u00e7ar esse objetivo, nossa abordagem inclui diversas etapas e atividades, como:\n                                    <\/p>\n                                    <ul>\n                                        <li>Avalia\u00e7\u00e3o das necessidades: Realizamos um diagn\u00f3stico aprofundado das demandas e caracter\u00edsticas espec\u00edficas dos alunos e dos cursos oferecidos pela sua institui\u00e7\u00e3o, identificando as \u00e1reas em que a tutoria online pode ser aprimorada ou expandida. Planejamento e estrutura\u00e7\u00e3o do modelo de tutoria: Com base no diagn\u00f3stico, elaboramos um plano estrat\u00e9gico para estruturar e organizar o modelo de tutoria em educa\u00e7\u00e3o a dist\u00e2ncia, levando em considera\u00e7\u00e3o aspectos como intera\u00e7\u00e3o, comunica\u00e7\u00e3o, feedback, avalia\u00e7\u00e3o e acompanhamento dos alunos.<\/li>\n                                        <li>Projeto Pedag\u00f3gico Institucional (PPI): O PPI \u00e9 um documento que define a identidade e a filosofia educacional da institui\u00e7\u00e3o, orientando as pr\u00e1ticas pedag\u00f3gicas e a constru\u00e7\u00e3o dos PPCs. Ele estabSele\u00e7\u00e3o, capacita\u00e7\u00e3o e forma\u00e7\u00e3o de tutores: Auxiliamos na sele\u00e7\u00e3o e forma\u00e7\u00e3o de uma equipe de tutores altamente qualificados, tanto entre os profissionais da nossa empresa quanto da sua organiza\u00e7\u00e3o, garantindo que estejam preparados para atender \u00e0s demandas e expectativas dos alunos e da institui\u00e7\u00e3o.<\/li>\n                                        <li>Monitoramento e avalia\u00e7\u00e3o cont\u00ednua: Acompanhamos de perto o desempenho e a efic\u00e1cia do modelo de tutoria implementado, coletando feedback dos alunos e dos tutores e realizando ajustes e melhorias conforme necess\u00e1rio, visando a excel\u00eancia nos servi\u00e7os de tutoria online.<\/li>\n                                    <\/ul><a href=\"#\" class=\"btn-more\">Entre em Contato<\/a><\/div>\n                            <\/div>\n                        <\/div>\n                    <\/div><\/div>\n            <\/div>\n        <\/div>\n    <\/div>\n    <!-- End Services Area -->[\/vc_column][\/vc_row]<\/p>\n<\/div>","protected":false},"excerpt":{"rendered":"<p>[vc_row][vc_column][\/vc_column][\/vc_row]<\/p>\n","protected":false},"author":1,"featured_media":0,"parent":1430,"menu_order":0,"comment_status":"closed","ping_status":"closed","template":"page-templates\/pages.php","meta":{"productId":0,"courseId":0,"footnotes":""},"class_list":["post-1645","page","type-page","status-publish","hentry"],"_links":{"self":[{"href":"https:\/\/danielcaixeta.pro.br\/site\/wp-json\/wp\/v2\/pages\/1645","targetHints":{"allow":["GET"]}}],"collection":[{"href":"https:\/\/danielcaixeta.pro.br\/site\/wp-json\/wp\/v2\/pages"}],"about":[{"href":"https:\/\/danielcaixeta.pro.br\/site\/wp-json\/wp\/v2\/types\/page"}],"author":[{"embeddable":true,"href":"https:\/\/danielcaixeta.pro.br\/site\/wp-json\/wp\/v2\/users\/1"}],"replies":[{"embeddable":true,"href":"https:\/\/danielcaixeta.pro.br\/site\/wp-json\/wp\/v2\/comments?post=1645"}],"version-history":[{"count":2,"href":"https:\/\/danielcaixeta.pro.br\/site\/wp-json\/wp\/v2\/pages\/1645\/revisions"}],"predecessor-version":[{"id":1648,"href":"https:\/\/danielcaixeta.pro.br\/site\/wp-json\/wp\/v2\/pages\/1645\/revisions\/1648"}],"up":[{"embeddable":true,"href":"https:\/\/danielcaixeta.pro.br\/site\/wp-json\/wp\/v2\/pages\/1430"}],"wp:attachment":[{"href":"https:\/\/danielcaixeta.pro.br\/site\/wp-json\/wp\/v2\/media?parent=1645"}],"curies":[{"name":"wp","href":"https:\/\/api.w.org\/{rel}","templated":true}]}}