{"id":1641,"date":"2023-10-04T13:58:31","date_gmt":"2023-10-04T13:58:31","guid":{"rendered":"https:\/\/danielcaixeta.pro.br\/site\/?page_id=1641"},"modified":"2023-10-04T13:58:31","modified_gmt":"2023-10-04T13:58:31","slug":"formacoes-in-company","status":"publish","type":"page","link":"https:\/\/danielcaixeta.pro.br\/site\/servicos\/servicos-educacionais\/formacoes-in-company\/","title":{"rendered":"Forma\u00e7\u00f5es In Company"},"content":{"rendered":"<div class=\"wpb-content-wrapper\"><p>[vc_row][vc_column]<!-- Start Services \n    ============================================= -->\n    <div class=\"services-area default-padding bg-cover\">\n        <div class=\"container\">\n            <div class=\"services-tabs\">\n                <ul id=\"tabs\" class=\"nav nav-tabs\"><li class=\"nav-item\">\n                        <a href=\"\" data-target=\"#tab1\" data-toggle=\"tab\" class=\"active nav-link\">Servi\u00e7os Educacionais<\/a>\n                    <\/li><\/ul>\n                <div id=\"tabsContent\" class=\"tab-content wow fadeInUp\" data-wow-delay=\"0.5s\"><div id=\"tab1\" class=\"tab-pane fade active show\">\n                        <div class=\"row\">\n                            <div class=\"col-lg-5 col-md-12 thumb\" style=\"background-image: url(https:\/\/danielcaixeta.pro.br\/site\/wp-content\/uploads\/2023\/10\/formacoes-in-company.png);\"><\/div>\n                            <div class=\"col-lg-7 col-md-12 info\">\n                                <div class=\"content\">\n                                    <i class=\"flaticon-analytics\"><\/i>\n                                    <h2>Forma\u00e7\u00f5es In Company<\/h2>\n                                    <p>\n                                        Nossa empresa reconhece a import\u00e2ncia de fornecer capacita\u00e7\u00f5es e treinamentos personalizados, adaptados \u00e0s necessidades espec\u00edficas de cada institui\u00e7\u00e3o no universo da Educa\u00e7\u00e3o a Dist\u00e2ncia. Compreendemos que o desenvolvimento cont\u00ednuo e a atualiza\u00e7\u00e3o dos profissionais envolvidos s\u00e3o fundamentais para garantir a qualidade e a efici\u00eancia dos cursos e programas online. Para isso, oferecemos solu\u00e7\u00f5es customizadas, abordando uma ampla gama de temas e compet\u00eancias relacionadas \u00e0 EaD:\n                                    <\/p>\n                                    <ul>\n                                        <li>Planejamento e gest\u00e3o de cursos online: Orienta\u00e7\u00f5es sobre como planejar, implementar e gerenciar cursos a dist\u00e2ncia de forma eficiente, abordando aspectos como metodologias, tecnologias, recursos humanos, log\u00edstica e avalia\u00e7\u00e3o. Design instrucional e desenvolvimento de conte\u00fado: Capacita\u00e7\u00e3o em t\u00e9cnicas e ferramentas para a cria\u00e7\u00e3o de materiais did\u00e1ticos e atividades pedag\u00f3gicas adaptados ao ambiente virtual, visando aprimorar o engajamento, a intera\u00e7\u00e3o e a aprendizagem dos alunos.<\/li>\n                                        <li>Tecnologias e plataformas educacionais: Treinamento no uso e na aplica\u00e7\u00e3o de diferentes sistemas e ferramentas tecnol\u00f3gicas, como Ambientes Virtuais de Aprendizagem (AVAs), aplicativos de comunica\u00e7\u00e3o e colabora\u00e7\u00e3o, e recursos multim\u00eddia. Acessibilidade e inclus\u00e3o digital: Sensibiliza\u00e7\u00e3o e capacita\u00e7\u00e3o para a promo\u00e7\u00e3o da acessibilidade e da inclus\u00e3o de alunos com defici\u00eancias ou necessidades espec\u00edficas, abordando aspectos como adapta\u00e7\u00e3o de conte\u00fado, tecnologias assistivas e estrat\u00e9gias pedag\u00f3gicas.<\/li>\n                                        <li>Avalia\u00e7\u00e3o e feedback no ensino online: Desenvolvimento de habilidades para a elabora\u00e7\u00e3o de instrumentos de avalia\u00e7\u00e3o e para a realiza\u00e7\u00e3o de feedback efetivo e construtivo, visando a melhoria cont\u00ednua do processo de ensino-aprendizagem. Tutoria e media\u00e7\u00e3o pedag\u00f3gica: Prepara\u00e7\u00e3o de profissionais para desempenhar o papel de tutores ou mediadores no ensino a dist\u00e2ncia, atuando como facilitadores da aprendizagem e promovendo a intera\u00e7\u00e3o e o suporte aos alunos.<\/li>\n                                    <\/ul><a href=\"#\" class=\"btn-more\">Entre em Contato<\/a><\/div>\n                            <\/div>\n                        <\/div>\n                    <\/div><\/div>\n            <\/div>\n        <\/div>\n    <\/div>\n    <!-- End Services Area -->[\/vc_column][\/vc_row]<\/p>\n<\/div>","protected":false},"excerpt":{"rendered":"<p>[vc_row][vc_column][\/vc_column][\/vc_row]<\/p>\n","protected":false},"author":1,"featured_media":0,"parent":1430,"menu_order":0,"comment_status":"closed","ping_status":"closed","template":"page-templates\/pages.php","meta":{"productId":0,"courseId":0,"footnotes":""},"class_list":["post-1641","page","type-page","status-publish","hentry"],"_links":{"self":[{"href":"https:\/\/danielcaixeta.pro.br\/site\/wp-json\/wp\/v2\/pages\/1641","targetHints":{"allow":["GET"]}}],"collection":[{"href":"https:\/\/danielcaixeta.pro.br\/site\/wp-json\/wp\/v2\/pages"}],"about":[{"href":"https:\/\/danielcaixeta.pro.br\/site\/wp-json\/wp\/v2\/types\/page"}],"author":[{"embeddable":true,"href":"https:\/\/danielcaixeta.pro.br\/site\/wp-json\/wp\/v2\/users\/1"}],"replies":[{"embeddable":true,"href":"https:\/\/danielcaixeta.pro.br\/site\/wp-json\/wp\/v2\/comments?post=1641"}],"version-history":[{"count":2,"href":"https:\/\/danielcaixeta.pro.br\/site\/wp-json\/wp\/v2\/pages\/1641\/revisions"}],"predecessor-version":[{"id":1644,"href":"https:\/\/danielcaixeta.pro.br\/site\/wp-json\/wp\/v2\/pages\/1641\/revisions\/1644"}],"up":[{"embeddable":true,"href":"https:\/\/danielcaixeta.pro.br\/site\/wp-json\/wp\/v2\/pages\/1430"}],"wp:attachment":[{"href":"https:\/\/danielcaixeta.pro.br\/site\/wp-json\/wp\/v2\/media?parent=1641"}],"curies":[{"name":"wp","href":"https:\/\/api.w.org\/{rel}","templated":true}]}}