{"id":1637,"date":"2023-10-04T13:51:02","date_gmt":"2023-10-04T13:51:02","guid":{"rendered":"https:\/\/danielcaixeta.pro.br\/site\/?page_id=1637"},"modified":"2023-10-04T13:51:02","modified_gmt":"2023-10-04T13:51:02","slug":"palestras","status":"publish","type":"page","link":"https:\/\/danielcaixeta.pro.br\/site\/servicos\/servicos-educacionais\/palestras\/","title":{"rendered":"Palestras"},"content":{"rendered":"<div class=\"wpb-content-wrapper\"><p>[vc_row][vc_column]<!-- Start Services \n    ============================================= -->\n    <div class=\"services-area default-padding bg-cover\">\n        <div class=\"container\">\n            <div class=\"services-tabs\">\n                <ul id=\"tabs\" class=\"nav nav-tabs\"><li class=\"nav-item\">\n                        <a href=\"\" data-target=\"#tab1\" data-toggle=\"tab\" class=\"active nav-link\">Servi\u00e7os Educacionais<\/a>\n                    <\/li><\/ul>\n                <div id=\"tabsContent\" class=\"tab-content wow fadeInUp\" data-wow-delay=\"0.5s\"><div id=\"tab1\" class=\"tab-pane fade active show\">\n                        <div class=\"row\">\n                            <div class=\"col-lg-5 col-md-12 thumb\" style=\"background-image: url(https:\/\/danielcaixeta.pro.br\/site\/wp-content\/uploads\/2023\/10\/palestras-vertical.png);\"><\/div>\n                            <div class=\"col-lg-7 col-md-12 info\">\n                                <div class=\"content\">\n                                    <i class=\"flaticon-analytics\"><\/i>\n                                    <h2>Palestras<\/h2>\n                                    <p>\n                                        As palestras s\u00e3o uma forma eficaz de disseminar conhecimento e promover debates sobre temas relevantes e atuais, especialmente no contexto da educa\u00e7\u00e3o e da tecnologia. Nossa empresa oferece uma s\u00e9rie de palestras voltadas \u00e0 tem\u00e1tica de tecnologia educacional e educa\u00e7\u00e3o a dist\u00e2ncia, abordando diversos assuntos e tend\u00eancias, como:\n                                    <\/p>\n                                    <ul>\n                                        <li>Inova\u00e7\u00f5es em tecnologia educacional: Apresenta\u00e7\u00e3o das principais tend\u00eancias, ferramentas e recursos tecnol\u00f3gicos que est\u00e3o transformando a educa\u00e7\u00e3o, incluindo Intelig\u00eancia Artificial, Realidade Virtual e Aumentada, Big Data, entre outros. Estrat\u00e9gias pedag\u00f3gicas para a Educa\u00e7\u00e3o a Dist\u00e2ncia: Discuss\u00e3o de metodologias e pr\u00e1ticas inovadoras para o ensino online, visando aprimorar o engajamento dos alunos, promover a colabora\u00e7\u00e3o e facilitar a aprendizagem.<\/li>\n                                        <li>Acessibilidade e inclus\u00e3o no ensino online: Explora\u00e7\u00e3o dos desafios enfrentados por alunos com defici\u00eancias e das solu\u00e7\u00f5es para tornar a educa\u00e7\u00e3o a dist\u00e2ncia mais inclusiva e adaptada \u00e0s diversas necessidades e perfis de aprendizes. Gest\u00e3o e qualidade em cursos a dist\u00e2ncia: Abordagem das estrat\u00e9gias e ferramentas para a gest\u00e3o eficiente de cursos online, incluindo o monitoramento de indicadores de desempenho, a avalia\u00e7\u00e3o de satisfa\u00e7\u00e3o dos alunos e a garantia da qualidade do conte\u00fado e dos processos.<\/li>\n                                        <li>Forma\u00e7\u00e3o e capacita\u00e7\u00e3o de professores para a EaD: Reflex\u00e3o sobre os desafios e as compet\u00eancias necess\u00e1rias para os educadores que atuam na modalidade a dist\u00e2ncia, assim como as oportunidades de capacita\u00e7\u00e3o e desenvolvimento profissional. Legisla\u00e7\u00e3o e pol\u00edticas p\u00fablicas para a educa\u00e7\u00e3o a dist\u00e2ncia: An\u00e1lise das leis, diretrizes e programas governamentais relacionados \u00e0 EaD, e seu impacto nas institui\u00e7\u00f5es de ensino e na sociedade.<\/li>\n                                    <\/ul><a href=\"#\" class=\"btn-more\">Entre em Contato<\/a><\/div>\n                            <\/div>\n                        <\/div>\n                    <\/div><\/div>\n            <\/div>\n        <\/div>\n    <\/div>\n    <!-- End Services Area -->[\/vc_column][\/vc_row]<\/p>\n<\/div>","protected":false},"excerpt":{"rendered":"<p>[vc_row][vc_column][\/vc_column][\/vc_row]<\/p>\n","protected":false},"author":1,"featured_media":0,"parent":1430,"menu_order":0,"comment_status":"closed","ping_status":"closed","template":"page-templates\/pages.php","meta":{"productId":0,"courseId":0,"footnotes":""},"class_list":["post-1637","page","type-page","status-publish","hentry"],"_links":{"self":[{"href":"https:\/\/danielcaixeta.pro.br\/site\/wp-json\/wp\/v2\/pages\/1637","targetHints":{"allow":["GET"]}}],"collection":[{"href":"https:\/\/danielcaixeta.pro.br\/site\/wp-json\/wp\/v2\/pages"}],"about":[{"href":"https:\/\/danielcaixeta.pro.br\/site\/wp-json\/wp\/v2\/types\/page"}],"author":[{"embeddable":true,"href":"https:\/\/danielcaixeta.pro.br\/site\/wp-json\/wp\/v2\/users\/1"}],"replies":[{"embeddable":true,"href":"https:\/\/danielcaixeta.pro.br\/site\/wp-json\/wp\/v2\/comments?post=1637"}],"version-history":[{"count":2,"href":"https:\/\/danielcaixeta.pro.br\/site\/wp-json\/wp\/v2\/pages\/1637\/revisions"}],"predecessor-version":[{"id":1640,"href":"https:\/\/danielcaixeta.pro.br\/site\/wp-json\/wp\/v2\/pages\/1637\/revisions\/1640"}],"up":[{"embeddable":true,"href":"https:\/\/danielcaixeta.pro.br\/site\/wp-json\/wp\/v2\/pages\/1430"}],"wp:attachment":[{"href":"https:\/\/danielcaixeta.pro.br\/site\/wp-json\/wp\/v2\/media?parent=1637"}],"curies":[{"name":"wp","href":"https:\/\/api.w.org\/{rel}","templated":true}]}}