{"id":1633,"date":"2023-10-04T13:44:19","date_gmt":"2023-10-04T13:44:19","guid":{"rendered":"https:\/\/danielcaixeta.pro.br\/site\/?page_id=1633"},"modified":"2023-10-04T13:44:19","modified_gmt":"2023-10-04T13:44:19","slug":"acessibilidade-em-cursos","status":"publish","type":"page","link":"https:\/\/danielcaixeta.pro.br\/site\/servicos\/servicos-educacionais\/acessibilidade-em-cursos\/","title":{"rendered":"Acessibilidade em cursos"},"content":{"rendered":"<div class=\"wpb-content-wrapper\"><p>[vc_row][vc_column]<!-- Start Services \n    ============================================= -->\n    <div class=\"services-area default-padding bg-cover\">\n        <div class=\"container\">\n            <div class=\"services-tabs\">\n                <ul id=\"tabs\" class=\"nav nav-tabs\"><li class=\"nav-item\">\n                        <a href=\"\" data-target=\"#tab1\" data-toggle=\"tab\" class=\"active nav-link\">Servi\u00e7os Educacionais<\/a>\n                    <\/li><\/ul>\n                <div id=\"tabsContent\" class=\"tab-content wow fadeInUp\" data-wow-delay=\"0.5s\"><div id=\"tab1\" class=\"tab-pane fade active show\">\n                        <div class=\"row\">\n                            <div class=\"col-lg-5 col-md-12 thumb\" style=\"background-image: url(https:\/\/danielcaixeta.pro.br\/site\/wp-content\/uploads\/2023\/10\/acessibilidade-vertical.png);\"><\/div>\n                            <div class=\"col-lg-7 col-md-12 info\">\n                                <div class=\"content\">\n                                    <i class=\"flaticon-analytics\"><\/i>\n                                    <h2>Acessibilidade em Cursos<\/h2>\n                                    <p>\n                                        A acessibilidade \u00e9 um aspecto fundamental na educa\u00e7\u00e3o a dist\u00e2ncia, pois garante que todos os alunos possam participar e se beneficiar das atividades e recursos oferecidos, independentemente de suas habilidades ou limita\u00e7\u00f5es. Nossa empresa se compromete em fornecer solu\u00e7\u00f5es e orienta\u00e7\u00f5es para tornar as salas virtuais e os materiais did\u00e1ticos acess\u00edveis a todos. Nossos servi\u00e7os incluem:<br \/>\n\n                                    <\/p>\n                                    <ul>\n                                        <li>Configura\u00e7\u00e3o de salas virtuais acess\u00edveis: Realizamos a personaliza\u00e7\u00e3o e a adapta\u00e7\u00e3o das salas virtuais, considerando aspectos como tamanho e contraste de fontes, cores, estrutura de navega\u00e7\u00e3o e compatibilidade com tecnologias assistivas, como leitores de tela e dispositivos de entrada alternativos. Dessa forma, proporcionamos ambientes inclusivos e adaptados \u00e0s necessidades de todos os alunos.<\/li>\n                                        <li>Orienta\u00e7\u00e3o para elabora\u00e7\u00e3o de materiais acess\u00edveis: Oferecemos suporte e diretrizes para a cria\u00e7\u00e3o de conte\u00fados did\u00e1ticos e recursos multim\u00eddia que atendam aos princ\u00edpios de acessibilidade, incluindo o uso de legendas, descri\u00e7\u00f5es de imagens, transcri\u00e7\u00f5es de \u00e1udio, entre outros. Nossas orienta\u00e7\u00f5es abrangem desde a escolha de formatos e ferramentas at\u00e9 a aplica\u00e7\u00e3o de boas pr\u00e1ticas de design e de reda\u00e7\u00e3o, visando garantir a inclus\u00e3o e a autonomia de todos os usu\u00e1rios.<\/li>\n                                        <li>Avalia\u00e7\u00e3o e monitoramento da acessibilidade: Efetuamos a an\u00e1lise e o acompanhamento cont\u00ednuo das salas virtuais e dos materiais did\u00e1ticos, identificando poss\u00edveis problemas e propondo solu\u00e7\u00f5es e melhorias, de forma a garantir o cumprimento das normas e a satisfa\u00e7\u00e3o das necessidades de todos os alunos e usu\u00e1rios.<\/li>\n                                    <\/ul><a href=\"#\" class=\"btn-more\">Entre em Contato<\/a><\/div>\n                            <\/div>\n                        <\/div>\n                    <\/div><\/div>\n            <\/div>\n        <\/div>\n    <\/div>\n    <!-- End Services Area -->[\/vc_column][\/vc_row]<\/p>\n<\/div>","protected":false},"excerpt":{"rendered":"<p>[vc_row][vc_column][\/vc_column][\/vc_row]<\/p>\n","protected":false},"author":1,"featured_media":0,"parent":1430,"menu_order":0,"comment_status":"closed","ping_status":"closed","template":"page-templates\/pages.php","meta":{"productId":0,"courseId":0,"footnotes":""},"class_list":["post-1633","page","type-page","status-publish","hentry"],"_links":{"self":[{"href":"https:\/\/danielcaixeta.pro.br\/site\/wp-json\/wp\/v2\/pages\/1633","targetHints":{"allow":["GET"]}}],"collection":[{"href":"https:\/\/danielcaixeta.pro.br\/site\/wp-json\/wp\/v2\/pages"}],"about":[{"href":"https:\/\/danielcaixeta.pro.br\/site\/wp-json\/wp\/v2\/types\/page"}],"author":[{"embeddable":true,"href":"https:\/\/danielcaixeta.pro.br\/site\/wp-json\/wp\/v2\/users\/1"}],"replies":[{"embeddable":true,"href":"https:\/\/danielcaixeta.pro.br\/site\/wp-json\/wp\/v2\/comments?post=1633"}],"version-history":[{"count":2,"href":"https:\/\/danielcaixeta.pro.br\/site\/wp-json\/wp\/v2\/pages\/1633\/revisions"}],"predecessor-version":[{"id":1636,"href":"https:\/\/danielcaixeta.pro.br\/site\/wp-json\/wp\/v2\/pages\/1633\/revisions\/1636"}],"up":[{"embeddable":true,"href":"https:\/\/danielcaixeta.pro.br\/site\/wp-json\/wp\/v2\/pages\/1430"}],"wp:attachment":[{"href":"https:\/\/danielcaixeta.pro.br\/site\/wp-json\/wp\/v2\/media?parent=1633"}],"curies":[{"name":"wp","href":"https:\/\/api.w.org\/{rel}","templated":true}]}}