{"id":1617,"date":"2023-10-04T13:12:12","date_gmt":"2023-10-04T13:12:12","guid":{"rendered":"https:\/\/danielcaixeta.pro.br\/site\/?page_id=1617"},"modified":"2023-10-04T13:27:11","modified_gmt":"2023-10-04T13:27:11","slug":"revisao-textual","status":"publish","type":"page","link":"https:\/\/danielcaixeta.pro.br\/site\/servicos\/servicos-educacionais\/revisao-textual\/","title":{"rendered":"Revis\u00e3o textual"},"content":{"rendered":"<div class=\"wpb-content-wrapper\"><p>[vc_row][vc_column]<!-- Start Services \n    ============================================= -->\n    <div class=\"services-area default-padding bg-cover\">\n        <div class=\"container\">\n            <div class=\"services-tabs\">\n                <ul id=\"tabs\" class=\"nav nav-tabs\"><li class=\"nav-item\">\n                        <a href=\"\" data-target=\"#tab1\" data-toggle=\"tab\" class=\"active nav-link\">Servi\u00e7os Educacionais<\/a>\n                    <\/li><\/ul>\n                <div id=\"tabsContent\" class=\"tab-content wow fadeInUp\" data-wow-delay=\"0.5s\"><div id=\"tab1\" class=\"tab-pane fade active show\">\n                        <div class=\"row\">\n                            <div class=\"col-lg-5 col-md-12 thumb\" style=\"background-image: url(https:\/\/danielcaixeta.pro.br\/site\/wp-content\/uploads\/2023\/10\/revisao-textual.png);\"><\/div>\n                            <div class=\"col-lg-7 col-md-12 info\">\n                                <div class=\"content\">\n                                    <i class=\"flaticon-analytics\"><\/i>\n                                    <h2>Revis\u00e3o Textual<\/h2>\n                                    <p>\n                                        A qualidade do texto \u00e9 fundamental para a clareza e a compreens\u00e3o das informa\u00e7\u00f5es apresentadas em qualquer material educacional ou acad\u00eamico. Nossa empresa oferece servi\u00e7os de revis\u00e3o e formata\u00e7\u00e3o de textos, que incluem duas modalidades principais:\n                                    <\/p>\n                                    <ul>\n                                        <li>Revis\u00e3o b\u00e1sica: Nesta modalidade, realizamos uma an\u00e1lise criteriosa do texto, verificando e corrigindo aspectos gramaticais, ortogr\u00e1ficos, de pontua\u00e7\u00e3o e concord\u00e2ncia, al\u00e9m de identificar e eliminar poss\u00edveis v\u00edcios de linguagem, repeti\u00e7\u00f5es e problemas de estrutura e legibilidade. Dessa forma, garantimos a qualidade lingu\u00edstica e a fluidez do texto, tornando-o mais claro e eficiente na comunica\u00e7\u00e3o das ideias e informa\u00e7\u00f5es.<\/li>\n                                        <li>Revis\u00e3o b\u00e1sica + formata\u00e7\u00e3o: Al\u00e9m dos servi\u00e7os oferecidos na revis\u00e3o b\u00e1sica, nesta modalidade, tamb\u00e9m cuidamos da formata\u00e7\u00e3o do texto de acordo com as normas da ABNT (Associa\u00e7\u00e3o Brasileira de Normas T\u00e9cnicas) ou outras exig\u00eancias espec\u00edficas da institui\u00e7\u00e3o de ensino \u00e0 qual o autor est\u00e1 vinculado. Isso inclui a adequa\u00e7\u00e3o de aspectos como margens, espa\u00e7amento, fonte, cita\u00e7\u00f5es, refer\u00eancias bibliogr\u00e1ficas, sum\u00e1rio, entre outros elementos essenciais para a padroniza\u00e7\u00e3o e a apresenta\u00e7\u00e3o adequada do material.<\/li>\n                                        <li>Equipe Qualificada<\/li>\n                                    <\/ul><a href=\"#\" class=\"btn-more\">Entre em Contato<\/a><\/div>\n                            <\/div>\n                        <\/div>\n                    <\/div><\/div>\n            <\/div>\n        <\/div>\n    <\/div>\n    <!-- End Services Area -->[\/vc_column][\/vc_row]<\/p>\n<\/div>","protected":false},"excerpt":{"rendered":"<p>[vc_row][vc_column][\/vc_column][\/vc_row]<\/p>\n","protected":false},"author":1,"featured_media":0,"parent":1430,"menu_order":0,"comment_status":"closed","ping_status":"closed","template":"page-templates\/pages.php","meta":{"productId":0,"courseId":0,"footnotes":""},"class_list":["post-1617","page","type-page","status-publish","hentry"],"_links":{"self":[{"href":"https:\/\/danielcaixeta.pro.br\/site\/wp-json\/wp\/v2\/pages\/1617","targetHints":{"allow":["GET"]}}],"collection":[{"href":"https:\/\/danielcaixeta.pro.br\/site\/wp-json\/wp\/v2\/pages"}],"about":[{"href":"https:\/\/danielcaixeta.pro.br\/site\/wp-json\/wp\/v2\/types\/page"}],"author":[{"embeddable":true,"href":"https:\/\/danielcaixeta.pro.br\/site\/wp-json\/wp\/v2\/users\/1"}],"replies":[{"embeddable":true,"href":"https:\/\/danielcaixeta.pro.br\/site\/wp-json\/wp\/v2\/comments?post=1617"}],"version-history":[{"count":5,"href":"https:\/\/danielcaixeta.pro.br\/site\/wp-json\/wp\/v2\/pages\/1617\/revisions"}],"predecessor-version":[{"id":1625,"href":"https:\/\/danielcaixeta.pro.br\/site\/wp-json\/wp\/v2\/pages\/1617\/revisions\/1625"}],"up":[{"embeddable":true,"href":"https:\/\/danielcaixeta.pro.br\/site\/wp-json\/wp\/v2\/pages\/1430"}],"wp:attachment":[{"href":"https:\/\/danielcaixeta.pro.br\/site\/wp-json\/wp\/v2\/media?parent=1617"}],"curies":[{"name":"wp","href":"https:\/\/api.w.org\/{rel}","templated":true}]}}