{"id":1615,"date":"2023-10-04T12:47:42","date_gmt":"2023-10-04T12:47:42","guid":{"rendered":"https:\/\/danielcaixeta.pro.br\/site\/?page_id=1615"},"modified":"2023-10-04T13:19:41","modified_gmt":"2023-10-04T13:19:41","slug":"elaboracao-de-conteudos-e-atividades-para-ead-interativos","status":"publish","type":"page","link":"https:\/\/danielcaixeta.pro.br\/site\/servicos\/servicos-educacionais\/elaboracao-de-conteudos-e-atividades-para-ead-interativos\/","title":{"rendered":"Elabora\u00e7\u00e3o de conte\u00fados e atividades para EaD &#8211; Interativos"},"content":{"rendered":"<div class=\"wpb-content-wrapper\"><p>[vc_row][vc_column]<!-- Start Services \n    ============================================= -->\n    <div class=\"services-area default-padding bg-cover\">\n        <div class=\"container\">\n            <div class=\"services-tabs\">\n                <ul id=\"tabs\" class=\"nav nav-tabs\"><li class=\"nav-item\">\n                        <a href=\"\" data-target=\"#tab1\" data-toggle=\"tab\" class=\"active nav-link\">Servi\u00e7os Educacionais<\/a>\n                    <\/li><\/ul>\n                <div id=\"tabsContent\" class=\"tab-content wow fadeInUp\" data-wow-delay=\"0.5s\"><div id=\"tab1\" class=\"tab-pane fade active show\">\n                        <div class=\"row\">\n                            <div class=\"col-lg-5 col-md-12 thumb\" style=\"background-image: url(https:\/\/danielcaixeta.pro.br\/site\/wp-content\/uploads\/2023\/10\/elaboracao-conteudo.png);\"><\/div>\n                            <div class=\"col-lg-7 col-md-12 info\">\n                                <div class=\"content\">\n                                    <i class=\"flaticon-analytics\"><\/i>\n                                    <h2>Elabora\u00e7\u00e3o de conte\u00fados e atividades para EaD - Interativos<\/h2>\n                                    <p>\n                                        A elabora\u00e7\u00e3o de conte\u00fados e atividades interativas \u00e9 fundamental para manter os alunos engajados e motivados no processo de aprendizagem, especialmente em cursos \u00e0 dist\u00e2ncia. Nossa empresa se dedica \u00e0 cria\u00e7\u00e3o de recursos did\u00e1ticos inovadores e envolventes, que incluem:\n                                    <\/p>\n                                    <ul>\n                                        <li>Gamifica\u00e7\u00e3o: Desenvolvemos atividades e desafios baseados em mec\u00e2nicas de jogos, que estimulam a participa\u00e7\u00e3o, a colabora\u00e7\u00e3o e a competi\u00e7\u00e3o saud\u00e1vel entre os alunos, contribuindo para a aquisi\u00e7\u00e3o e a aplica\u00e7\u00e3o de conhecimentos de maneira l\u00fadica e eficaz. Quizzes: Criamos question\u00e1rios interativos e adaptativos que auxiliam na consolida\u00e7\u00e3o e na avalia\u00e7\u00e3o do aprendizado, permitindo que os alunos testem seus conhecimentos e recebam feedback imediato sobre seu desempenho.<\/li>\n                                        <li>Estudos de casos: Elaboramos estudos de casos reais ou fict\u00edcios, que estimulam a reflex\u00e3o cr\u00edtica, a an\u00e1lise de problemas e a tomada de decis\u00f5es, desenvolvendo habilidades essenciais para o mundo profissional. Simuladores de software: Projetamos e implementamos simuladores de programas e aplicativos, que possibilitam aos alunos explorar e praticar funcionalidades espec\u00edficas em um ambiente controlado e seguro, sem a necessidade de instalar softwares complexos em seus dispositivos.<\/li>\n                                        <li>Infogr\u00e1ficos: Desenvolvemos infogr\u00e1ficos interativos e din\u00e2micos, que facilitam a compreens\u00e3o e a assimila\u00e7\u00e3o de informa\u00e7\u00f5es complexas, utilizando recursos visuais e de design para tornar o conte\u00fado mais acess\u00edvel e atraente. Laborat\u00f3rios interativos: Criamos ambientes virtuais e experimentais que permitem aos alunos realizar atividades pr\u00e1ticas, manipulando objetos e equipamentos, coletando e analisando dados e observando fen\u00f4menos e processos em tempo real.<\/li>\n                                    <\/ul><a href=\"#\" class=\"btn-more\">Entre em Contato<\/a><\/div>\n                            <\/div>\n                        <\/div>\n                    <\/div><\/div>\n            <\/div>\n        <\/div>\n    <\/div>\n    <!-- End Services Area -->[\/vc_column][\/vc_row]<\/p>\n<\/div>","protected":false},"excerpt":{"rendered":"<p>[vc_row][vc_column][\/vc_column][\/vc_row]<\/p>\n","protected":false},"author":1,"featured_media":0,"parent":1430,"menu_order":0,"comment_status":"closed","ping_status":"closed","template":"page-templates\/pages.php","meta":{"productId":0,"courseId":0,"footnotes":""},"class_list":["post-1615","page","type-page","status-publish","hentry"],"_links":{"self":[{"href":"https:\/\/danielcaixeta.pro.br\/site\/wp-json\/wp\/v2\/pages\/1615","targetHints":{"allow":["GET"]}}],"collection":[{"href":"https:\/\/danielcaixeta.pro.br\/site\/wp-json\/wp\/v2\/pages"}],"about":[{"href":"https:\/\/danielcaixeta.pro.br\/site\/wp-json\/wp\/v2\/types\/page"}],"author":[{"embeddable":true,"href":"https:\/\/danielcaixeta.pro.br\/site\/wp-json\/wp\/v2\/users\/1"}],"replies":[{"embeddable":true,"href":"https:\/\/danielcaixeta.pro.br\/site\/wp-json\/wp\/v2\/comments?post=1615"}],"version-history":[{"count":2,"href":"https:\/\/danielcaixeta.pro.br\/site\/wp-json\/wp\/v2\/pages\/1615\/revisions"}],"predecessor-version":[{"id":1621,"href":"https:\/\/danielcaixeta.pro.br\/site\/wp-json\/wp\/v2\/pages\/1615\/revisions\/1621"}],"up":[{"embeddable":true,"href":"https:\/\/danielcaixeta.pro.br\/site\/wp-json\/wp\/v2\/pages\/1430"}],"wp:attachment":[{"href":"https:\/\/danielcaixeta.pro.br\/site\/wp-json\/wp\/v2\/media?parent=1615"}],"curies":[{"name":"wp","href":"https:\/\/api.w.org\/{rel}","templated":true}]}}