{"id":1611,"date":"2023-10-04T12:45:23","date_gmt":"2023-10-04T12:45:23","guid":{"rendered":"https:\/\/danielcaixeta.pro.br\/site\/?page_id=1611"},"modified":"2023-10-04T12:45:23","modified_gmt":"2023-10-04T12:45:23","slug":"elaboracao-de-conteudos-e-atividades-para-ead-textos-e-videos","status":"publish","type":"page","link":"https:\/\/danielcaixeta.pro.br\/site\/servicos\/servicos-educacionais\/elaboracao-de-conteudos-e-atividades-para-ead-textos-e-videos\/","title":{"rendered":"Elabora\u00e7\u00e3o de conte\u00fados e atividades para EaD &#8211; Textos e v\u00eddeos"},"content":{"rendered":"<div class=\"wpb-content-wrapper\"><p>[vc_row][vc_column]<!-- Start Services \n    ============================================= -->\n    <div class=\"services-area default-padding bg-cover\">\n        <div class=\"container\">\n            <div class=\"services-tabs\">\n                <ul id=\"tabs\" class=\"nav nav-tabs\"><li class=\"nav-item\">\n                        <a href=\"\" data-target=\"#tab1\" data-toggle=\"tab\" class=\"active nav-link\">Servi\u00e7os Educacionais<\/a>\n                    <\/li><\/ul>\n                <div id=\"tabsContent\" class=\"tab-content wow fadeInUp\" data-wow-delay=\"0.5s\"><div id=\"tab1\" class=\"tab-pane fade active show\">\n                        <div class=\"row\">\n                            <div class=\"col-lg-5 col-md-12 thumb\" style=\"background-image: url(https:\/\/danielcaixeta.pro.br\/site\/wp-content\/uploads\/2023\/10\/elaboracao-textos-videos.png);\"><\/div>\n                            <div class=\"col-lg-7 col-md-12 info\">\n                                <div class=\"content\">\n                                    <i class=\"flaticon-analytics\"><\/i>\n                                    <h2>Elabora\u00e7\u00e3o de conte\u00fados e atividades para EaD - Textos e v\u00eddeos<\/h2>\n                                    <p>\n                                        Oferecemos um conjunto abrangente de servi\u00e7os de produ\u00e7\u00e3o midi\u00e1tica e de conte\u00fado para sua institui\u00e7\u00e3o, seja para atualizar o material did\u00e1tico existente ou criar novos cursos.<br \/>\nSe a sua institui\u00e7\u00e3o j\u00e1 oferece ou tem interesse em disponibilizar cursos na modalidade EaD, nossa empresa fornece toda a infraestrutura e o suporte necess\u00e1rio para a produ\u00e7\u00e3o de videoaulas e materiais relacionados. Nossos servi\u00e7os incluem:\n                                    <\/p>\n                                    <ul>\n                                        <li>Elabora\u00e7\u00e3o de materiais did\u00e1ticos: Desenvolvemos conte\u00fados educacionais personalizados, considerando as necessidades e os objetivos espec\u00edficos da sua institui\u00e7\u00e3o e dos cursos oferecidos. Revis\u00f5es t\u00e9cnicas de conte\u00fado: Verificamos e analisamos todo o material produzido, assegurando a precis\u00e3o e a qualidade t\u00e9cnica dos conte\u00fados, bem como a conformidade com as diretrizes curriculares e pedag\u00f3gicas.<\/li>\n                                        <li>Roteiriza\u00e7\u00e3o de conte\u00fado para m\u00eddias educacionais: Nossos profissionais especializados, com amplo conhecimento nos temas abordados, elaboram roteiros did\u00e1ticos e envolventes para videoaulas, anima\u00e7\u00f5es e outros recursos midi\u00e1ticos. Grava\u00e7\u00e3o de materiais midi\u00e1ticos para EaD: Realizamos a grava\u00e7\u00e3o de videoaulas, vinhetas, v\u00eddeos promocionais e outros materiais audiovisuais, utilizando equipamentos e t\u00e9cnicas de ponta para garantir a qualidade e a efic\u00e1cia da comunica\u00e7\u00e3o.<\/li>\n                                        <li>Edi\u00e7\u00e3o de v\u00eddeos: Editamos e finalizamos v\u00eddeos gravados por outras institui\u00e7\u00f5es ou profissionais, entregando o produto final de acordo com as recomenda\u00e7\u00f5es e especifica\u00e7\u00f5es fornecidas pelo cliente.<\/li>\n                                    <\/ul><a href=\"#\" class=\"btn-more\">Entre em Contato<\/a><\/div>\n                            <\/div>\n                        <\/div>\n                    <\/div><\/div>\n            <\/div>\n        <\/div>\n    <\/div>\n    <!-- End Services Area -->[\/vc_column][\/vc_row]<\/p>\n<\/div>","protected":false},"excerpt":{"rendered":"<p>[vc_row][vc_column][\/vc_column][\/vc_row]<\/p>\n","protected":false},"author":1,"featured_media":0,"parent":1430,"menu_order":0,"comment_status":"closed","ping_status":"closed","template":"page-templates\/pages.php","meta":{"productId":0,"courseId":0,"footnotes":""},"class_list":["post-1611","page","type-page","status-publish","hentry"],"_links":{"self":[{"href":"https:\/\/danielcaixeta.pro.br\/site\/wp-json\/wp\/v2\/pages\/1611","targetHints":{"allow":["GET"]}}],"collection":[{"href":"https:\/\/danielcaixeta.pro.br\/site\/wp-json\/wp\/v2\/pages"}],"about":[{"href":"https:\/\/danielcaixeta.pro.br\/site\/wp-json\/wp\/v2\/types\/page"}],"author":[{"embeddable":true,"href":"https:\/\/danielcaixeta.pro.br\/site\/wp-json\/wp\/v2\/users\/1"}],"replies":[{"embeddable":true,"href":"https:\/\/danielcaixeta.pro.br\/site\/wp-json\/wp\/v2\/comments?post=1611"}],"version-history":[{"count":2,"href":"https:\/\/danielcaixeta.pro.br\/site\/wp-json\/wp\/v2\/pages\/1611\/revisions"}],"predecessor-version":[{"id":1614,"href":"https:\/\/danielcaixeta.pro.br\/site\/wp-json\/wp\/v2\/pages\/1611\/revisions\/1614"}],"up":[{"embeddable":true,"href":"https:\/\/danielcaixeta.pro.br\/site\/wp-json\/wp\/v2\/pages\/1430"}],"wp:attachment":[{"href":"https:\/\/danielcaixeta.pro.br\/site\/wp-json\/wp\/v2\/media?parent=1611"}],"curies":[{"name":"wp","href":"https:\/\/api.w.org\/{rel}","templated":true}]}}