{"id":1569,"date":"2023-10-03T17:09:03","date_gmt":"2023-10-03T17:09:03","guid":{"rendered":"https:\/\/danielcaixeta.pro.br\/site\/?page_id=1569"},"modified":"2023-10-04T12:27:40","modified_gmt":"2023-10-04T12:27:40","slug":"estruturacao-de-equipe-de-ead","status":"publish","type":"page","link":"https:\/\/danielcaixeta.pro.br\/site\/servicos\/servicos-educacionais\/estruturacao-de-equipe-de-ead\/","title":{"rendered":"Estrutura\u00e7\u00e3o de equipe de EaD"},"content":{"rendered":"<div class=\"wpb-content-wrapper\"><p>[vc_row][vc_column]<!-- Start Services \n    ============================================= -->\n    <div class=\"services-area default-padding bg-cover\">\n        <div class=\"container\">\n            <div class=\"services-tabs\">\n                <ul id=\"tabs\" class=\"nav nav-tabs\"><li class=\"nav-item\">\n                        <a href=\"\" data-target=\"#tab1\" data-toggle=\"tab\" class=\"active nav-link\">Servi\u00e7os Educacionais<\/a>\n                    <\/li><\/ul>\n                <div id=\"tabsContent\" class=\"tab-content wow fadeInUp\" data-wow-delay=\"0.5s\"><div id=\"tab1\" class=\"tab-pane fade active show\">\n                        <div class=\"row\">\n                            <div class=\"col-lg-5 col-md-12 thumb\" style=\"background-image: url(https:\/\/danielcaixeta.pro.br\/site\/wp-content\/uploads\/2023\/10\/equipe-ead.jpg);\"><\/div>\n                            <div class=\"col-lg-7 col-md-12 info\">\n                                <div class=\"content\">\n                                    <i class=\"flaticon-analytics\"><\/i>\n                                    <h2>Estrutura\u00e7\u00e3o de equipe de EaD<\/h2>\n                                    <p>\n                                        A consultoria especializada em estrutura\u00e7\u00e3o de equipes para Educa\u00e7\u00e3o a Dist\u00e2ncia (EaD) tem como objetivo principal auxiliar na cria\u00e7\u00e3o e consolida\u00e7\u00e3o de um time altamente capacitado e eficiente, capaz de lidar com as demandas espec\u00edficas dessa modalidade de ensino. Al\u00e9m disso, a consultoria oferece suporte na defini\u00e7\u00e3o e implementa\u00e7\u00e3o dos processos necess\u00e1rios para garantir que a opera\u00e7\u00e3o seja bem-sucedida e sustent\u00e1vel.<br \/>\nNesse contexto, a consultoria trabalha com diversos aspectos fundamentais para a constru\u00e7\u00e3o de uma equipe de excel\u00eancia em EaD, tais como:\n                                    <\/p>\n                                    <ul>\n                                        <li>An\u00e1lise e identifica\u00e7\u00e3o das necessidades da institui\u00e7\u00e3o: A consultoria realiza um diagn\u00f3stico detalhado das demandas espec\u00edficas da institui\u00e7\u00e3o, identificando as compet\u00eancias necess\u00e1rias para compor uma equipe multidisciplinar e eficaz.<\/li>\n                                        <li>Recrutamento e sele\u00e7\u00e3o: A consultoria auxilia na busca pelos profissionais ideais para compor a equipe, utilizando crit\u00e9rios objetivos e alinhados \u00e0s necessidades da institui\u00e7\u00e3o e da modalidade EaD. Defini\u00e7\u00e3o de pap\u00e9is e responsabilidades: A consultoria trabalha na distribui\u00e7\u00e3o adequada das fun\u00e7\u00f5es e responsabilidades entre os membros da equipe, garantindo que todos estejam cientes de suas atribui\u00e7\u00f5es e possam trabalhar em sinergia.<\/li>\n                                        <li>Estabelecimento de processos e fluxos de trabalho: A consultoria auxilia na cria\u00e7\u00e3o e implementa\u00e7\u00e3o de processos claros e eficientes, que garantam a qualidade das atividades desenvolvidas pela equipe e otimizem o fluxo de trabalho. Monitoramento e avalia\u00e7\u00e3o: A consultoria acompanha a performance da equipe e dos processos implementados, fornecendo feedback e sugerindo ajustes sempre que necess\u00e1rio para garantir a excel\u00eancia na opera\u00e7\u00e3o da modalidade de ensino a dist\u00e2ncia.<\/li>\n                                    <\/ul><a href=\"#\" class=\"btn-more\">Entre em Contato<\/a><\/div>\n                            <\/div>\n                        <\/div>\n                    <\/div><\/div>\n            <\/div>\n        <\/div>\n    <\/div>\n    <!-- End Services Area -->[\/vc_column][\/vc_row]<\/p>\n<\/div>","protected":false},"excerpt":{"rendered":"<p>[vc_row][vc_column][\/vc_column][\/vc_row]<\/p>\n","protected":false},"author":1,"featured_media":0,"parent":1430,"menu_order":0,"comment_status":"closed","ping_status":"closed","template":"page-templates\/pages.php","meta":{"productId":0,"courseId":0,"footnotes":""},"class_list":["post-1569","page","type-page","status-publish","hentry"],"_links":{"self":[{"href":"https:\/\/danielcaixeta.pro.br\/site\/wp-json\/wp\/v2\/pages\/1569","targetHints":{"allow":["GET"]}}],"collection":[{"href":"https:\/\/danielcaixeta.pro.br\/site\/wp-json\/wp\/v2\/pages"}],"about":[{"href":"https:\/\/danielcaixeta.pro.br\/site\/wp-json\/wp\/v2\/types\/page"}],"author":[{"embeddable":true,"href":"https:\/\/danielcaixeta.pro.br\/site\/wp-json\/wp\/v2\/users\/1"}],"replies":[{"embeddable":true,"href":"https:\/\/danielcaixeta.pro.br\/site\/wp-json\/wp\/v2\/comments?post=1569"}],"version-history":[{"count":5,"href":"https:\/\/danielcaixeta.pro.br\/site\/wp-json\/wp\/v2\/pages\/1569\/revisions"}],"predecessor-version":[{"id":1606,"href":"https:\/\/danielcaixeta.pro.br\/site\/wp-json\/wp\/v2\/pages\/1569\/revisions\/1606"}],"up":[{"embeddable":true,"href":"https:\/\/danielcaixeta.pro.br\/site\/wp-json\/wp\/v2\/pages\/1430"}],"wp:attachment":[{"href":"https:\/\/danielcaixeta.pro.br\/site\/wp-json\/wp\/v2\/media?parent=1569"}],"curies":[{"name":"wp","href":"https:\/\/api.w.org\/{rel}","templated":true}]}}