{"id":1543,"date":"2023-10-02T22:16:55","date_gmt":"2023-10-02T22:16:55","guid":{"rendered":"https:\/\/danielcaixeta.pro.br\/site\/?page_id=1543"},"modified":"2023-10-02T22:23:00","modified_gmt":"2023-10-02T22:23:00","slug":"suporte-tecnico","status":"publish","type":"page","link":"https:\/\/danielcaixeta.pro.br\/site\/servicos\/servicos-tecnologicos\/suporte-tecnico\/","title":{"rendered":"Suporte t\u00e9cnico"},"content":{"rendered":"<div class=\"wpb-content-wrapper\"><p>[vc_row][vc_column]<!-- Start Services \n    ============================================= -->\n    <div class=\"services-area default-padding bg-cover\">\n        <div class=\"container\">\n            <div class=\"services-tabs\">\n                <ul id=\"tabs\" class=\"nav nav-tabs\"><li class=\"nav-item\">\n                        <a href=\"\" data-target=\"#tab1\" data-toggle=\"tab\" class=\"active nav-link\">Servi\u00e7os Tecnol\u00f3gicos<\/a>\n                    <\/li><\/ul>\n                <div id=\"tabsContent\" class=\"tab-content wow fadeInUp\" data-wow-delay=\"0.5s\"><div id=\"tab1\" class=\"tab-pane fade active show\">\n                        <div class=\"row\">\n                            <div class=\"col-lg-5 col-md-12 thumb\" style=\"background-image: url(https:\/\/danielcaixeta.pro.br\/site\/wp-content\/uploads\/2023\/10\/customer-service-2.png);\"><\/div>\n                            <div class=\"col-lg-7 col-md-12 info\">\n                                <div class=\"content\">\n                                    <i class=\"flaticon-analytics\"><\/i>\n                                    <h2>Suporte t\u00e9cnico<\/h2>\n                                    <p>\n                                        Nossa empresa oferece servi\u00e7os de suporte t\u00e9cnico e manuten\u00e7\u00e3o de ambientes educacionais, garantindo que o AVA e sites estejam sempre dispon\u00edveis e funcionando de forma eficiente. Com nossa equipe de especialistas, podemos atender \u00e0s demandas t\u00e9cnicas do cliente, garantindo que os ambientes estejam sempre atualizados e funcionando adequadamente.<\/p>\n<p>Os servi\u00e7os de suporte t\u00e9cnico e manuten\u00e7\u00e3o de ambientes educacionais incluem:\n                                    <\/p>\n                                    <ul>\n                                        <li>Monitoramento: Realizamos o monitoramento do AVA e sites educacionais por meio de um sistema de monitoramento, garantindo que os ambientes estejam funcionando 24 horas por dia, 7 dias por semana. Isso nos permite identificar poss\u00edveis problemas de desempenho ou tempo de inatividade e solucion\u00e1-los rapidamente<\/li>\n                                        <li>Backups: Realizamos backups semanais dos ambientes do AVA e sites educacionais, garantindo que os dados estejam sempre protegidos e dispon\u00edveis em caso de falha do sistema.<\/li>\n                                        <li>Suporte t\u00e9cnico: Oferecemos suporte t\u00e9cnico para solucionar problemas relacionados ao uso da plataforma, ajudando a identificar e resolver problemas t\u00e9cnicos, bem como fornecendo orienta\u00e7\u00f5es para os usu\u00e1rios. Atualiza\u00e7\u00e3o de vers\u00f5es: Realizamos a atualiza\u00e7\u00e3o de vers\u00f5es dos ambientes do AVA e sites educacionais.<\/li>\n                                    <\/ul><a href=\"#\" class=\"btn-more\">Entre em Contato<\/a><\/div>\n                            <\/div>\n                        <\/div>\n                    <\/div><\/div>\n            <\/div>\n        <\/div>\n    <\/div>\n    <!-- End Services Area -->[\/vc_column][\/vc_row]<\/p>\n<\/div>","protected":false},"excerpt":{"rendered":"<p>[vc_row][vc_column][\/vc_column][\/vc_row]<\/p>\n","protected":false},"author":1,"featured_media":0,"parent":1402,"menu_order":0,"comment_status":"closed","ping_status":"closed","template":"page-templates\/pages.php","meta":{"productId":0,"courseId":0,"footnotes":""},"class_list":["post-1543","page","type-page","status-publish","hentry"],"_links":{"self":[{"href":"https:\/\/danielcaixeta.pro.br\/site\/wp-json\/wp\/v2\/pages\/1543","targetHints":{"allow":["GET"]}}],"collection":[{"href":"https:\/\/danielcaixeta.pro.br\/site\/wp-json\/wp\/v2\/pages"}],"about":[{"href":"https:\/\/danielcaixeta.pro.br\/site\/wp-json\/wp\/v2\/types\/page"}],"author":[{"embeddable":true,"href":"https:\/\/danielcaixeta.pro.br\/site\/wp-json\/wp\/v2\/users\/1"}],"replies":[{"embeddable":true,"href":"https:\/\/danielcaixeta.pro.br\/site\/wp-json\/wp\/v2\/comments?post=1543"}],"version-history":[{"count":3,"href":"https:\/\/danielcaixeta.pro.br\/site\/wp-json\/wp\/v2\/pages\/1543\/revisions"}],"predecessor-version":[{"id":1547,"href":"https:\/\/danielcaixeta.pro.br\/site\/wp-json\/wp\/v2\/pages\/1543\/revisions\/1547"}],"up":[{"embeddable":true,"href":"https:\/\/danielcaixeta.pro.br\/site\/wp-json\/wp\/v2\/pages\/1402"}],"wp:attachment":[{"href":"https:\/\/danielcaixeta.pro.br\/site\/wp-json\/wp\/v2\/media?parent=1543"}],"curies":[{"name":"wp","href":"https:\/\/api.w.org\/{rel}","templated":true}]}}