{"id":1526,"date":"2023-10-02T21:41:37","date_gmt":"2023-10-02T21:41:37","guid":{"rendered":"https:\/\/danielcaixeta.pro.br\/site\/?page_id=1526"},"modified":"2023-10-02T22:14:08","modified_gmt":"2023-10-02T22:14:08","slug":"desenvolvimento-de-plugins-para-moodle","status":"publish","type":"page","link":"https:\/\/danielcaixeta.pro.br\/site\/servicos\/servicos-tecnologicos\/desenvolvimento-de-plugins-para-moodle\/","title":{"rendered":"Desenvolvimento de plugins para Moodle"},"content":{"rendered":"<div class=\"wpb-content-wrapper\"><p>[vc_row][vc_column]<!-- Start Services \n    ============================================= -->\n    <div class=\"services-area default-padding bg-cover\">\n        <div class=\"container\">\n            <div class=\"services-tabs\">\n                <ul id=\"tabs\" class=\"nav nav-tabs\"><li class=\"nav-item\">\n                        <a href=\"\" data-target=\"#tab1\" data-toggle=\"tab\" class=\"active nav-link\">Servi\u00e7os Tecnol\u00f3gicos<\/a>\n                    <\/li><\/ul>\n                <div id=\"tabsContent\" class=\"tab-content wow fadeInUp\" data-wow-delay=\"0.5s\"><div id=\"tab1\" class=\"tab-pane fade active show\">\n                        <div class=\"row\">\n                            <div class=\"col-lg-5 col-md-12 thumb\" style=\"background-image: url(https:\/\/danielcaixeta.pro.br\/site\/wp-content\/uploads\/2023\/10\/moodle-plugin-desenvolvimento.png);\"><\/div>\n                            <div class=\"col-lg-7 col-md-12 info\">\n                                <div class=\"content\">\n                                    <i class=\"flaticon-analytics\"><\/i>\n                                    <h2>Desenvolvimento de plugins para Moodle<\/h2>\n                                    <p>\n                                        Nossa equipe de especialistas oferece servi\u00e7os de desenvolvimento de plugins personalizados para o Moodle, uma das principais plataformas de aprendizagem a dist\u00e2ncia. Esses plugins s\u00e3o desenvolvidos especificamente para atender as necessidades da sua institui\u00e7\u00e3o de ensino, proporcionando uma experi\u00eancia de aprendizagem personalizada e eficiente.<br \/>\nOs servi\u00e7os de desenvolvimento de plugins personalizados para o Moodle incluem:\n                                    <\/p>\n                                    <ul>\n                                        <li>An\u00e1lise de requisitos e especifica\u00e7\u00f5es: Realizamos uma an\u00e1lise detalhada das necessidades e especifica\u00e7\u00f5es da sua institui\u00e7\u00e3o de ensino, identificando as funcionalidades e recursos que devem ser inclu\u00eddos no plugin personalizado<\/li>\n                                        <li>Planejamento e estrat\u00e9gia de desenvolvimento: Desenvolvemos um plano e uma estrat\u00e9gia de desenvolvimento personalizados, considerando as especificidades da sua institui\u00e7\u00e3o e dos sistemas envolvidos, garantindo uma abordagem eficiente e eficaz para a cria\u00e7\u00e3o do plugin<\/li>\n                                        <li>Desenvolvimento e implementa\u00e7\u00e3o: Trabalhamos na cria\u00e7\u00e3o e implementa\u00e7\u00e3o do plugin personalizado, assegurando que ele atenda \u00e0s especifica\u00e7\u00f5es e necessidades da sua institui\u00e7\u00e3o de ensino e esteja devidamente integrado com o ambiente Moodle. Realizamos testes rigorosos para garantir o correto funcionamento e a efici\u00eancia plugin personalizado.<\/li>\n                                    <\/ul><a href=\"#\" class=\"btn-more\">Entre em Contato<\/a><\/div>\n                            <\/div>\n                        <\/div>\n                    <\/div><\/div>\n            <\/div>\n        <\/div>\n    <\/div>\n    <!-- End Services Area -->[\/vc_column][\/vc_row]<\/p>\n<\/div>","protected":false},"excerpt":{"rendered":"<p>[vc_row][vc_column][\/vc_column][\/vc_row]<\/p>\n","protected":false},"author":1,"featured_media":0,"parent":1402,"menu_order":0,"comment_status":"closed","ping_status":"closed","template":"page-templates\/pages.php","meta":{"productId":0,"courseId":0,"footnotes":""},"class_list":["post-1526","page","type-page","status-publish","hentry"],"_links":{"self":[{"href":"https:\/\/danielcaixeta.pro.br\/site\/wp-json\/wp\/v2\/pages\/1526","targetHints":{"allow":["GET"]}}],"collection":[{"href":"https:\/\/danielcaixeta.pro.br\/site\/wp-json\/wp\/v2\/pages"}],"about":[{"href":"https:\/\/danielcaixeta.pro.br\/site\/wp-json\/wp\/v2\/types\/page"}],"author":[{"embeddable":true,"href":"https:\/\/danielcaixeta.pro.br\/site\/wp-json\/wp\/v2\/users\/1"}],"replies":[{"embeddable":true,"href":"https:\/\/danielcaixeta.pro.br\/site\/wp-json\/wp\/v2\/comments?post=1526"}],"version-history":[{"count":4,"href":"https:\/\/danielcaixeta.pro.br\/site\/wp-json\/wp\/v2\/pages\/1526\/revisions"}],"predecessor-version":[{"id":1542,"href":"https:\/\/danielcaixeta.pro.br\/site\/wp-json\/wp\/v2\/pages\/1526\/revisions\/1542"}],"up":[{"embeddable":true,"href":"https:\/\/danielcaixeta.pro.br\/site\/wp-json\/wp\/v2\/pages\/1402"}],"wp:attachment":[{"href":"https:\/\/danielcaixeta.pro.br\/site\/wp-json\/wp\/v2\/media?parent=1526"}],"curies":[{"name":"wp","href":"https:\/\/api.w.org\/{rel}","templated":true}]}}