{"id":1510,"date":"2023-10-02T18:29:53","date_gmt":"2023-10-02T18:29:53","guid":{"rendered":"https:\/\/danielcaixeta.pro.br\/site\/?page_id=1510"},"modified":"2023-10-02T22:50:41","modified_gmt":"2023-10-02T22:50:41","slug":"integracoes-com-sistemas-de-gestao-educacional","status":"publish","type":"page","link":"https:\/\/danielcaixeta.pro.br\/site\/servicos\/servicos-tecnologicos\/integracoes-com-sistemas-de-gestao-educacional\/","title":{"rendered":"Integra\u00e7\u00f5es com sistemas de gest\u00e3o educacional"},"content":{"rendered":"<div class=\"wpb-content-wrapper\"><p>[vc_row][vc_column]<!-- Start Services \n    ============================================= -->\n    <div class=\"services-area default-padding bg-cover\">\n        <div class=\"container\">\n            <div class=\"services-tabs\">\n                <ul id=\"tabs\" class=\"nav nav-tabs\"><li class=\"nav-item\">\n                        <a href=\"\" data-target=\"#tab1\" data-toggle=\"tab\" class=\"active nav-link\">Servi\u00e7os Tecnol\u00f3gicos<\/a>\n                    <\/li><\/ul>\n                <div id=\"tabsContent\" class=\"tab-content wow fadeInUp\" data-wow-delay=\"0.5s\"><div id=\"tab1\" class=\"tab-pane fade active show\">\n                        <div class=\"row\">\n                            <div class=\"col-lg-5 col-md-12 thumb\" style=\"background-image: url(https:\/\/danielcaixeta.pro.br\/site\/wp-content\/uploads\/2023\/10\/gestao-educacional.png);\"><\/div>\n                            <div class=\"col-lg-7 col-md-12 info\">\n                                <div class=\"content\">\n                                    <i class=\"flaticon-analytics\"><\/i>\n                                    <h2>Integra\u00e7\u00f5es com sistemas de gest\u00e3o educacional<\/h2>\n                                    <p>\n                                        Nossa equipe de especialistas trabalha em colabora\u00e7\u00e3o com outras equipes na realiza\u00e7\u00e3o e\/ou contribui\u00e7\u00e3o para integra\u00e7\u00f5es entre o Moodle, uma das principais plataformas de aprendizagem a dist\u00e2ncia, e sistemas de gest\u00e3o educacional (SGEs) diversos. Essas integra\u00e7\u00f5es visam facilitar a comunica\u00e7\u00e3o e a troca de informa\u00e7\u00f5es entre os sistemas, melhorando a efici\u00eancia dos processos educacionais e proporcionando uma experi\u00eancia de aprendizagem mais unificada e consistente para alunos e professores.<br \/>\nNossos servi\u00e7os de integra\u00e7\u00e3o entre o Moodle e sistemas de gest\u00e3o educacional incluem:\n                                    <\/p>\n                                    <ul>\n                                        <li>An\u00e1lise de requisitos e compatibilidade: Realizamos uma an\u00e1lise detalhada das necessidades da sua institui\u00e7\u00e3o e verificamos a compatibilidade entre o Moodle e o sistema de gest\u00e3o educacional em quest\u00e3o, identificando as melhores solu\u00e7\u00f5es de integra\u00e7\u00e3o dispon\u00edveis.<\/li>\n                                        <li>Planejamento e estrat\u00e9gia de integra\u00e7\u00e3o: Desenvolvemos um plano e uma estrat\u00e9gia de integra\u00e7\u00e3o personalizados, levando em considera\u00e7\u00e3o as especificidades da sua institui\u00e7\u00e3o e dos sistemas envolvidos, garantindo uma abordagem eficiente e eficaz.<\/li>\n                                        <li>Desenvolvimento e implementa\u00e7\u00e3o: Trabalhamos em conjunto com outras equipes na cria\u00e7\u00e3o e implementa\u00e7\u00e3o das solu\u00e7\u00f5es de integra\u00e7\u00e3o, garantindo a comunica\u00e7\u00e3o e a troca de informa\u00e7\u00f5es entre o Moodle e o sistema de gest\u00e3o educacional de forma segura, confi\u00e1vel e escal\u00e1vel.<\/li>\n                                    <\/ul><a href=\"#\" class=\"btn-more\">Entre em Contato<\/a><\/div>\n                            <\/div>\n                        <\/div>\n                    <\/div><\/div>\n            <\/div>\n        <\/div>\n    <\/div>\n    <!-- End Services Area -->[\/vc_column][\/vc_row]<\/p>\n<\/div>","protected":false},"excerpt":{"rendered":"<p>[vc_row][vc_column][\/vc_column][\/vc_row]<\/p>\n","protected":false},"author":1,"featured_media":0,"parent":1402,"menu_order":0,"comment_status":"closed","ping_status":"closed","template":"page-templates\/pages.php","meta":{"productId":0,"courseId":0,"footnotes":""},"class_list":["post-1510","page","type-page","status-publish","hentry"],"_links":{"self":[{"href":"https:\/\/danielcaixeta.pro.br\/site\/wp-json\/wp\/v2\/pages\/1510","targetHints":{"allow":["GET"]}}],"collection":[{"href":"https:\/\/danielcaixeta.pro.br\/site\/wp-json\/wp\/v2\/pages"}],"about":[{"href":"https:\/\/danielcaixeta.pro.br\/site\/wp-json\/wp\/v2\/types\/page"}],"author":[{"embeddable":true,"href":"https:\/\/danielcaixeta.pro.br\/site\/wp-json\/wp\/v2\/users\/1"}],"replies":[{"embeddable":true,"href":"https:\/\/danielcaixeta.pro.br\/site\/wp-json\/wp\/v2\/comments?post=1510"}],"version-history":[{"count":8,"href":"https:\/\/danielcaixeta.pro.br\/site\/wp-json\/wp\/v2\/pages\/1510\/revisions"}],"predecessor-version":[{"id":1565,"href":"https:\/\/danielcaixeta.pro.br\/site\/wp-json\/wp\/v2\/pages\/1510\/revisions\/1565"}],"up":[{"embeddable":true,"href":"https:\/\/danielcaixeta.pro.br\/site\/wp-json\/wp\/v2\/pages\/1402"}],"wp:attachment":[{"href":"https:\/\/danielcaixeta.pro.br\/site\/wp-json\/wp\/v2\/media?parent=1510"}],"curies":[{"name":"wp","href":"https:\/\/api.w.org\/{rel}","templated":true}]}}