{"id":1507,"date":"2023-10-02T18:26:20","date_gmt":"2023-10-02T18:26:20","guid":{"rendered":"https:\/\/danielcaixeta.pro.br\/site\/?page_id=1507"},"modified":"2023-10-02T18:26:20","modified_gmt":"2023-10-02T18:26:20","slug":"personalizacao-de-moodle-app","status":"publish","type":"page","link":"https:\/\/danielcaixeta.pro.br\/site\/servicos\/servicos-tecnologicos\/personalizacao-de-moodle-app\/","title":{"rendered":"Personaliza\u00e7\u00e3o de Moodle APP"},"content":{"rendered":"<div class=\"wpb-content-wrapper\"><p>[vc_row][vc_column]<!-- Start Services \n    ============================================= -->\n    <div class=\"services-area default-padding bg-cover\">\n        <div class=\"container\">\n            <div class=\"services-tabs\">\n                <ul id=\"tabs\" class=\"nav nav-tabs\"><li class=\"nav-item\">\n                        <a href=\"\" data-target=\"#tab1\" data-toggle=\"tab\" class=\"active nav-link\">Servi\u00e7os Tecnol\u00f3gicos<\/a>\n                    <\/li><\/ul>\n                <div id=\"tabsContent\" class=\"tab-content wow fadeInUp\" data-wow-delay=\"0.5s\"><div id=\"tab1\" class=\"tab-pane fade active show\">\n                        <div class=\"row\">\n                            <div class=\"col-lg-5 col-md-12 thumb\" style=\"background-image: url(https:\/\/danielcaixeta.pro.br\/site\/wp-content\/uploads\/2023\/10\/moodle-personalizacao.png);\"><\/div>\n                            <div class=\"col-lg-7 col-md-12 info\">\n                                <div class=\"content\">\n                                    <i class=\"flaticon-analytics\"><\/i>\n                                    <h2>Personaliza\u00e7\u00e3o de Moodle APP<\/h2>\n                                    <p>\n                                        ersonaliza\u00e7\u00e3o do Moodle app implica em altera\u00e7\u00e3o de elementos da interface e logomarca do aplicativo Moodle para disponibilizar um app com marca e padr\u00e3o de cores do cliente nas lojas Appstore e Googleplay.<br \/>\nDesta forma a opera\u00e7\u00e3o do cliente ter\u00e1 um app pr\u00f3prio para ser baixado e usado por seus alunos ou colaboradores j\u00e1 com a configura\u00e7\u00e3o de acesso pronta para o endere\u00e7o do seu Moodle. O servi\u00e7o inclui uma customiza\u00e7\u00e3o inicial, dentro dos limites impostos pela tecnologia envolvida.<br \/>\n\n                                    <\/p>\n                                    <ul>\n                                        <li>Manuten\u00e7\u00e3o constante do app mediante as constantes mudan\u00e7as tecnol\u00f3gicas impostas pelas lojas da Apple e do Google<\/li>\n                                        <li>Notifica\u00e7\u00e3o \u00e9 disponibilizado para o cliente, de forma que todos os aplicativos baixados ter\u00e3o notifica\u00e7\u00e3o mediante a\u00e7\u00f5es como postagem em f\u00f3rum ou chat, recebimento de nota<\/li>\n                                        <li>Com o Moodle App customizado, os conte\u00fados podem ser acessados mesmo sem conex\u00e3o com a Internet. <\/li>\n                                    <\/ul><a href=\"#\" class=\"btn-more\">Entre em Contato<\/a><\/div>\n                            <\/div>\n                        <\/div>\n                    <\/div><\/div>\n            <\/div>\n        <\/div>\n    <\/div>\n    <!-- End Services Area -->[\/vc_column][\/vc_row]<\/p>\n<\/div>","protected":false},"excerpt":{"rendered":"<p>[vc_row][vc_column][\/vc_column][\/vc_row]<\/p>\n","protected":false},"author":1,"featured_media":0,"parent":1402,"menu_order":0,"comment_status":"closed","ping_status":"closed","template":"page-templates\/pages.php","meta":{"productId":0,"courseId":0,"footnotes":""},"class_list":["post-1507","page","type-page","status-publish","hentry"],"_links":{"self":[{"href":"https:\/\/danielcaixeta.pro.br\/site\/wp-json\/wp\/v2\/pages\/1507","targetHints":{"allow":["GET"]}}],"collection":[{"href":"https:\/\/danielcaixeta.pro.br\/site\/wp-json\/wp\/v2\/pages"}],"about":[{"href":"https:\/\/danielcaixeta.pro.br\/site\/wp-json\/wp\/v2\/types\/page"}],"author":[{"embeddable":true,"href":"https:\/\/danielcaixeta.pro.br\/site\/wp-json\/wp\/v2\/users\/1"}],"replies":[{"embeddable":true,"href":"https:\/\/danielcaixeta.pro.br\/site\/wp-json\/wp\/v2\/comments?post=1507"}],"version-history":[{"count":2,"href":"https:\/\/danielcaixeta.pro.br\/site\/wp-json\/wp\/v2\/pages\/1507\/revisions"}],"predecessor-version":[{"id":1509,"href":"https:\/\/danielcaixeta.pro.br\/site\/wp-json\/wp\/v2\/pages\/1507\/revisions\/1509"}],"up":[{"embeddable":true,"href":"https:\/\/danielcaixeta.pro.br\/site\/wp-json\/wp\/v2\/pages\/1402"}],"wp:attachment":[{"href":"https:\/\/danielcaixeta.pro.br\/site\/wp-json\/wp\/v2\/media?parent=1507"}],"curies":[{"name":"wp","href":"https:\/\/api.w.org\/{rel}","templated":true}]}}