{"id":1503,"date":"2023-10-02T18:20:02","date_gmt":"2023-10-02T18:20:02","guid":{"rendered":"https:\/\/danielcaixeta.pro.br\/site\/?page_id=1503"},"modified":"2023-10-02T18:20:02","modified_gmt":"2023-10-02T18:20:02","slug":"personalizacao-do-moodle","status":"publish","type":"page","link":"https:\/\/danielcaixeta.pro.br\/site\/servicos\/servicos-tecnologicos\/personalizacao-do-moodle\/","title":{"rendered":"Personaliza\u00e7\u00e3o do Moodle"},"content":{"rendered":"<div class=\"wpb-content-wrapper\"><p>[vc_row][vc_column]<!-- Start Services \n    ============================================= -->\n    <div class=\"services-area default-padding bg-cover\">\n        <div class=\"container\">\n            <div class=\"services-tabs\">\n                <ul id=\"tabs\" class=\"nav nav-tabs\"><li class=\"nav-item\">\n                        <a href=\"\" data-target=\"#tab1\" data-toggle=\"tab\" class=\"active nav-link\">Servi\u00e7os Tecnol\u00f3gicos<\/a>\n                    <\/li><\/ul>\n                <div id=\"tabsContent\" class=\"tab-content wow fadeInUp\" data-wow-delay=\"0.5s\"><div id=\"tab1\" class=\"tab-pane fade active show\">\n                        <div class=\"row\">\n                            <div class=\"col-lg-5 col-md-12 thumb\" style=\"background-image: url(https:\/\/danielcaixeta.pro.br\/site\/wp-content\/uploads\/2023\/10\/moodle-personalizacao.png);\"><\/div>\n                            <div class=\"col-lg-7 col-md-12 info\">\n                                <div class=\"content\">\n                                    <i class=\"flaticon-analytics\"><\/i>\n                                    <h2>Personaliza\u00e7\u00e3o do Moodle<\/h2>\n                                    <p>\n                                        Nossa equipe de especialistas oferece servi\u00e7os de personaliza\u00e7\u00e3o do layout e tema responsivo do Moodle, adaptando-o de acordo com o manual da marca da institui\u00e7\u00e3o contratante. Essa personaliza\u00e7\u00e3o garante uma experi\u00eancia de aprendizagem a dist\u00e2ncia visualmente consistente e alinhada \u00e0 identidade visual da sua institui\u00e7\u00e3o, proporcionando maior engajamento e reconhecimento por parte dos alunos e professores.<br \/>\nNossos servi\u00e7os de personaliza\u00e7\u00e3o do layout e tema responsivo do Moodle incluem:\n                                    <\/p>\n                                    <ul>\n                                        <li>An\u00e1lise do manual da marca e requisitos de design<\/li>\n                                        <li>Implementa\u00e7\u00e3o do layout e tema personalizado al\u00e9m de testes e valida\u00e7\u00e3o do design responsivo<\/li>\n                                        <li>Desenvolvimento de propostas e conceitos de design<\/li>\n                                    <\/ul><a href=\"#\" class=\"btn-more\">Entre em Contato<\/a><\/div>\n                            <\/div>\n                        <\/div>\n                    <\/div><\/div>\n            <\/div>\n        <\/div>\n    <\/div>\n    <!-- End Services Area -->[\/vc_column][\/vc_row]<\/p>\n<\/div>","protected":false},"excerpt":{"rendered":"<p>[vc_row][vc_column][\/vc_column][\/vc_row]<\/p>\n","protected":false},"author":1,"featured_media":0,"parent":1402,"menu_order":0,"comment_status":"closed","ping_status":"closed","template":"page-templates\/pages.php","meta":{"productId":0,"courseId":0,"footnotes":""},"class_list":["post-1503","page","type-page","status-publish","hentry"],"_links":{"self":[{"href":"https:\/\/danielcaixeta.pro.br\/site\/wp-json\/wp\/v2\/pages\/1503","targetHints":{"allow":["GET"]}}],"collection":[{"href":"https:\/\/danielcaixeta.pro.br\/site\/wp-json\/wp\/v2\/pages"}],"about":[{"href":"https:\/\/danielcaixeta.pro.br\/site\/wp-json\/wp\/v2\/types\/page"}],"author":[{"embeddable":true,"href":"https:\/\/danielcaixeta.pro.br\/site\/wp-json\/wp\/v2\/users\/1"}],"replies":[{"embeddable":true,"href":"https:\/\/danielcaixeta.pro.br\/site\/wp-json\/wp\/v2\/comments?post=1503"}],"version-history":[{"count":3,"href":"https:\/\/danielcaixeta.pro.br\/site\/wp-json\/wp\/v2\/pages\/1503\/revisions"}],"predecessor-version":[{"id":1506,"href":"https:\/\/danielcaixeta.pro.br\/site\/wp-json\/wp\/v2\/pages\/1503\/revisions\/1506"}],"up":[{"embeddable":true,"href":"https:\/\/danielcaixeta.pro.br\/site\/wp-json\/wp\/v2\/pages\/1402"}],"wp:attachment":[{"href":"https:\/\/danielcaixeta.pro.br\/site\/wp-json\/wp\/v2\/media?parent=1503"}],"curies":[{"name":"wp","href":"https:\/\/api.w.org\/{rel}","templated":true}]}}