{"id":145,"date":"2021-01-23T14:21:34","date_gmt":"2021-01-23T14:21:34","guid":{"rendered":"https:\/\/wpriverthemes.com\/tanda\/?page_id=145"},"modified":"2023-09-26T20:32:34","modified_gmt":"2023-09-26T20:32:34","slug":"contato","status":"publish","type":"page","link":"https:\/\/danielcaixeta.pro.br\/site\/contato\/","title":{"rendered":"Contato"},"content":{"rendered":"<div class=\"wpb-content-wrapper\"><p>[vc_row][vc_column]<!-- Start Contact \n    ============================================= -->\n    <div class=\"contact-area overflow-hidden default-padding\">\n        <div class=\"container\">\n            <div class=\"row\">\n\n                <div class=\"col-lg-6 contact-form-box\">\n                    <div class=\"content\">\n                        <div class=\"heading\">\n                            <h2>Entre em Contato<\/h2>\n                            <p>Consultoria T\u00e9cnico Pedag\u00f3gica em Educa\u00e7\u00e3o a Dist\u00e2ncia<\/p>\n                        <\/div>\n<div class=\"wpcf7 no-js\" id=\"wpcf7-f148-o1\" lang=\"en-US\" dir=\"ltr\" data-wpcf7-id=\"148\">\n<div class=\"screen-reader-response\"><p role=\"status\" aria-live=\"polite\" aria-atomic=\"true\"><\/p> <ul><\/ul><\/div>\n<form action=\"\/site\/wp-json\/wp\/v2\/pages\/145#wpcf7-f148-o1\" method=\"post\" class=\"wpcf7-form init\" aria-label=\"Contact form\" novalidate=\"novalidate\" data-status=\"init\">\n<div style=\"display: none;\">\n<input type=\"hidden\" name=\"_wpcf7\" value=\"148\" \/>\n<input type=\"hidden\" name=\"_wpcf7_version\" value=\"6.0.6\" \/>\n<input type=\"hidden\" name=\"_wpcf7_locale\" value=\"en_US\" \/>\n<input type=\"hidden\" name=\"_wpcf7_unit_tag\" value=\"wpcf7-f148-o1\" \/>\n<input type=\"hidden\" name=\"_wpcf7_container_post\" value=\"0\" \/>\n<input type=\"hidden\" name=\"_wpcf7_posted_data_hash\" value=\"\" \/>\n<\/div>\n<div class=\"row\">\n\t<div class=\"col-lg-6\">\n\t\t<div class=\"form-group\">\n\t\t\t<p><span class=\"wpcf7-form-control-wrap\" data-name=\"your-name\"><input size=\"40\" maxlength=\"400\" class=\"wpcf7-form-control wpcf7-text wpcf7-validates-as-required form-control\" id=\"name\" aria-required=\"true\" aria-invalid=\"false\" placeholder=\"Nome\" value=\"\" type=\"text\" name=\"your-name\" \/><\/span><br \/>\n<span class=\"alert-error\"><\/span>\n\t\t\t<\/p>\n\t\t<\/div>\n\t<\/div>\n\t<div class=\"col-lg-6\">\n\t\t<div class=\"form-group\">\n\t\t\t<p><span class=\"wpcf7-form-control-wrap\" data-name=\"email\"><input size=\"40\" maxlength=\"400\" class=\"wpcf7-form-control wpcf7-email wpcf7-validates-as-required wpcf7-text wpcf7-validates-as-email form-control\" id=\"email\" aria-required=\"true\" aria-invalid=\"false\" placeholder=\"Email*\" value=\"\" type=\"email\" name=\"email\" \/><\/span><br \/>\n<span class=\"alert-error\"><\/span>\n\t\t\t<\/p>\n\t\t<\/div>\n\t<\/div>\n<\/div>\n<div class=\"row\">\n\t<div class=\"col-lg-12\">\n\t\t<div class=\"form-group\">\n\t\t\t<p><span class=\"wpcf7-form-control-wrap\" data-name=\"phone\"><input size=\"40\" maxlength=\"400\" class=\"wpcf7-form-control wpcf7-tel wpcf7-text wpcf7-validates-as-tel form-control\" id=\"phone\" aria-invalid=\"false\" placeholder=\"Telefone\" value=\"\" type=\"tel\" name=\"phone\" \/><\/span><br \/>\n<span class=\"alert-error\"><\/span>\n\t\t\t<\/p>\n\t\t<\/div>\n\t<\/div>\n<\/div>\n<div class=\"row\">\n\t<div class=\"col-lg-12\">\n\t\t<div class=\"form-group comments\">\n\t\t\t<p><span class=\"wpcf7-form-control-wrap\" data-name=\"comments\"><textarea cols=\"40\" rows=\"2\" maxlength=\"2000\" class=\"wpcf7-form-control wpcf7-textarea wpcf7-validates-as-required form-control\" id=\"comments\" aria-required=\"true\" aria-invalid=\"false\" placeholder=\"Por favor nos diga previamente o que precisa. *\" name=\"comments\"><\/textarea><\/span>\n\t\t\t<\/p>\n\t\t<\/div>\n\t<\/div>\n<\/div>\n<div class=\"row\">\n\t<div class=\"col-lg-12\">\n\t\t<p><button type=\"submit\" name=\"submit\" id=\"submit\">Entre em Contato<\/button>\n\t\t<\/p>\n\t<\/div>\n<\/div>\n<!-- Alert Message -->\n<div class=\"col-md-12 alert-notification\">\n\t<div id=\"message\" class=\"alert-msg\">\n\t<\/div>\n<\/div><div class=\"wpcf7-response-output\" aria-hidden=\"true\"><\/div>\n<\/form>\n<\/div>\n<\/div>\n                <\/div><div class=\"col-lg-6 info\">\n    <div class=\"contact-tabs\">\n        <ul id=\"tabs\" class=\"nav nav-tabs\">\n            <li class=\"nav-item\">\n                <a href=\"\" data-target=\"#tab1\" data-toggle=\"tab\" class=\"active nav-link\">\n                    Contatos\n                <\/a>\n            <\/li>\n            <li class=\"nav-item\">\n                <a href=\"\" data-target=\"#tab2\" data-toggle=\"tab\" class=\"nav-link\">\n                    \n                <\/a>\n            <\/li>\n        <\/ul>\n        <div id=\"tabsContent\" class=\"tab-content\">\n            <div id=\"tab1\" class=\"tab-pane fade active show\">\n                <ul>\n                    <li>\n                        <div class=\"icon\">\n                            <i class=\"fas fa-map-marker-alt\"><\/i>\n                        <\/div>\n                        <div class=\"info\">\n                            <p>\n                                Patos de Minas\n                                <span>MG<\/span>\n                            <\/p>\n                        <\/div>\n                    <\/li>\n                    <li>\n                        <div class=\"icon\">\n                            <i class=\"fas fa-envelope-open\"><\/i>\n                        <\/div>\n                        <div class=\"info\">\n                            <p>\n                                E-mail\n                                <span>contato@danielcaixeta.pro.br<\/span>\n                            <\/p>\n                        <\/div>\n                    <\/li><li>\n                        <div class=\"icon\">\n                            <i class=\"fas fa-phone\"><\/i>\n                        <\/div>\n                        <div class=\"info\">\n                            <p>\n                                WhatsApp\n                                <span>(34) 99341-1205<\/span>\n                            <\/p>\n                        <\/div>\n                    <\/li>\n                <\/ul>\n            <\/div>\n            <div id=\"tab2\" class=\"tab-pane fade\">\n                <iframe src=\"\"><\/iframe>\n            <\/div>\n        <\/div>\n    <\/div>\n<\/div><\/div>\n        <\/div>\n    <\/div>\n    <!-- End Contact Area -->[\/vc_column][\/vc_row]<\/p>\n<\/div>","protected":false},"excerpt":{"rendered":"<p>[vc_row][vc_column][\/vc_column][\/vc_row]<\/p>\n","protected":false},"author":1,"featured_media":0,"parent":0,"menu_order":0,"comment_status":"closed","ping_status":"closed","template":"page-templates\/pages.php","meta":{"productId":0,"courseId":0,"footnotes":""},"class_list":["post-145","page","type-page","status-publish","hentry"],"_links":{"self":[{"href":"https:\/\/danielcaixeta.pro.br\/site\/wp-json\/wp\/v2\/pages\/145","targetHints":{"allow":["GET"]}}],"collection":[{"href":"https:\/\/danielcaixeta.pro.br\/site\/wp-json\/wp\/v2\/pages"}],"about":[{"href":"https:\/\/danielcaixeta.pro.br\/site\/wp-json\/wp\/v2\/types\/page"}],"author":[{"embeddable":true,"href":"https:\/\/danielcaixeta.pro.br\/site\/wp-json\/wp\/v2\/users\/1"}],"replies":[{"embeddable":true,"href":"https:\/\/danielcaixeta.pro.br\/site\/wp-json\/wp\/v2\/comments?post=145"}],"version-history":[{"count":5,"href":"https:\/\/danielcaixeta.pro.br\/site\/wp-json\/wp\/v2\/pages\/145\/revisions"}],"predecessor-version":[{"id":1359,"href":"https:\/\/danielcaixeta.pro.br\/site\/wp-json\/wp\/v2\/pages\/145\/revisions\/1359"}],"wp:attachment":[{"href":"https:\/\/danielcaixeta.pro.br\/site\/wp-json\/wp\/v2\/media?parent=145"}],"curies":[{"name":"wp","href":"https:\/\/api.w.org\/{rel}","templated":true}]}}