{"id":1434,"date":"2023-09-29T20:48:22","date_gmt":"2023-09-29T20:48:22","guid":{"rendered":"https:\/\/danielcaixeta.pro.br\/site\/?page_id=1434"},"modified":"2023-09-29T21:03:11","modified_gmt":"2023-09-29T21:03:11","slug":"instalacao-e-configuracao-de-plugins","status":"publish","type":"page","link":"https:\/\/danielcaixeta.pro.br\/site\/servicos\/servicos-tecnologicos\/instalacao-e-configuracao-de-plugins\/","title":{"rendered":"Instala\u00e7\u00e3o e Configura\u00e7\u00e3o de Plugins"},"content":{"rendered":"<div class=\"wpb-content-wrapper\"><p>[vc_row][vc_column]<!-- Start Services \n    ============================================= -->\n    <div class=\"services-area default-padding bg-cover\">\n        <div class=\"container\">\n            <div class=\"services-tabs\">\n                <ul id=\"tabs\" class=\"nav nav-tabs\"><li class=\"nav-item\">\n                        <a href=\"\" data-target=\"#tab1\" data-toggle=\"tab\" class=\"active nav-link\">Servi\u00e7os Tecnol\u00f3gicos<\/a>\n                    <\/li><\/ul>\n                <div id=\"tabsContent\" class=\"tab-content wow fadeInUp\" data-wow-delay=\"0.5s\"><div id=\"tab1\" class=\"tab-pane fade active show\">\n                        <div class=\"row\">\n                            <div class=\"col-lg-5 col-md-12 thumb\" style=\"background-image: url(https:\/\/danielcaixeta.pro.br\/site\/wp-content\/uploads\/2023\/09\/new-servicos-tec-instalacao-configuracao-plugins-305x207-3.png);\"><\/div>\n                            <div class=\"col-lg-7 col-md-12 info\">\n                                <div class=\"content\">\n                                    <i class=\"flaticon-analytics\"><\/i>\n                                    <h2>Instala\u00e7\u00e3o e Configura\u00e7\u00e3o de Plugins<\/h2>\n                                    <p>\n                                        Instala\u00e7\u00e3o e Configura\u00e7\u00e3o, al\u00e9m de elabora\u00e7\u00e3o de documenta\u00e7\u00e3o\/tutorais de plugins no Moodle, tais como:<\/p>\n<p>- Course Module Navigation<br \/>\n- Progresso de Conclus\u00e3o<br \/>\n- Boost navigation fumbling<br \/>\n- Contatos do curso<br \/>\n- Badiu MReport<br \/>\n- Gr\u00e1ficos de an\u00e1lise<br \/>\n- Configurable Reports<br \/>\n- Acessibilidade<br \/>\n- Formato blocos<br \/>\n- Certificado Simples<br \/>\nEntre outros que o cliente necessite que seja instalado e configurado.\n                                    <\/p>\n                                    <ul>\n                                        <li>Condi\u00e7\u00f5es para o in\u00edcio do trabalho: Acesso de administrador do Moodle da institui\u00e7\u00e3o e acesso ao servidor caso seja necess\u00e1rio.<\/li>\n                                        <li>Caso a institui\u00e7\u00e3o n\u00e3o tenha servi\u00e7o de hospedagem de servidor j\u00e1 contratado, posso realizar a indica\u00e7\u00e3o de servi\u00e7os confi\u00e1veis e fa\u00e7o a media\u00e7\u00e3o da contrata\u00e7\u00e3o.<\/li>\n                                        <li>Prazo M\u00e9dio de Conclus\u00e3o de at\u00e9 dois dias por plugin instalado e configurado.<\/li>\n                                    <\/ul><a href=\"#\" class=\"btn-more\">Entre em Contato<\/a><\/div>\n                            <\/div>\n                        <\/div>\n                    <\/div><\/div>\n            <\/div>\n        <\/div>\n    <\/div>\n    <!-- End Services Area -->[\/vc_column][\/vc_row]<\/p>\n<\/div>","protected":false},"excerpt":{"rendered":"<p>[vc_row][vc_column][\/vc_column][\/vc_row]<\/p>\n","protected":false},"author":1,"featured_media":0,"parent":1402,"menu_order":0,"comment_status":"closed","ping_status":"closed","template":"page-templates\/pages.php","meta":{"productId":0,"courseId":0,"footnotes":""},"class_list":["post-1434","page","type-page","status-publish","hentry"],"_links":{"self":[{"href":"https:\/\/danielcaixeta.pro.br\/site\/wp-json\/wp\/v2\/pages\/1434","targetHints":{"allow":["GET"]}}],"collection":[{"href":"https:\/\/danielcaixeta.pro.br\/site\/wp-json\/wp\/v2\/pages"}],"about":[{"href":"https:\/\/danielcaixeta.pro.br\/site\/wp-json\/wp\/v2\/types\/page"}],"author":[{"embeddable":true,"href":"https:\/\/danielcaixeta.pro.br\/site\/wp-json\/wp\/v2\/users\/1"}],"replies":[{"embeddable":true,"href":"https:\/\/danielcaixeta.pro.br\/site\/wp-json\/wp\/v2\/comments?post=1434"}],"version-history":[{"count":7,"href":"https:\/\/danielcaixeta.pro.br\/site\/wp-json\/wp\/v2\/pages\/1434\/revisions"}],"predecessor-version":[{"id":1447,"href":"https:\/\/danielcaixeta.pro.br\/site\/wp-json\/wp\/v2\/pages\/1434\/revisions\/1447"}],"up":[{"embeddable":true,"href":"https:\/\/danielcaixeta.pro.br\/site\/wp-json\/wp\/v2\/pages\/1402"}],"wp:attachment":[{"href":"https:\/\/danielcaixeta.pro.br\/site\/wp-json\/wp\/v2\/media?parent=1434"}],"curies":[{"name":"wp","href":"https:\/\/api.w.org\/{rel}","templated":true}]}}