{"id":121,"date":"2021-01-23T06:21:44","date_gmt":"2021-01-23T06:21:44","guid":{"rendered":"https:\/\/wpriverthemes.com\/tanda\/?page_id=121"},"modified":"2023-10-10T13:41:58","modified_gmt":"2023-10-10T13:41:58","slug":"faq","status":"publish","type":"page","link":"https:\/\/danielcaixeta.pro.br\/site\/faq\/","title":{"rendered":"D\u00favidas"},"content":{"rendered":"<div class=\"wpb-content-wrapper\"><p>[vc_row][vc_column]<!-- Start Faq \n    ============================================= -->\n    <div class=\"faq-area default-padding\">\n        <div class=\"container\">\n            <div class=\"faq-items\">\n                <div class=\"row\">\n\n                    <div class=\"col-lg-5 info\">\n                        <h5>FAQ<\/h5>\n                        <h2>D\u00favidas Mais Frequentes<\/h2><\/div>\n                    <div class=\"col-lg-7\">\n                        <div class=\"faq-content\">\n                            <div class=\"accordion\" id=\"accordionExample\"><div class=\"card\">\n    <div class=\"card-header\" id=\"headingOne\">\n        <h4 class=\"mb-0\" data-toggle=\"collapse\" data-target=\"#collapseOne\" aria-expanded=\"true\" aria-controls=\"collapseOne\">\n              Como funciona o processo de instala\u00e7\u00e3o da vers\u00e3o mais recente do Moodle em nosso servidor?\n        <\/h4>\n    <\/div>\n\n    <div id=\"collapseOne\" class=\"collapse show\" aria-labelledby=\"headingOne\" data-parent=\"#accordionExample\">\n        <div class=\"card-body\">\n            <p>\n                Nossa equipe t\u00e9cnica realiza a instala\u00e7\u00e3o da vers\u00e3o mais recente do Moodle em seu servidor online, garantindo um processo suave e eficiente. Isso inclui configura\u00e7\u00f5es de seguran\u00e7a para proteger seus dados e usu\u00e1rios.\n            <\/p>\n        <\/div>\n    <\/div>\n<\/div><div class=\"card\">\n    <div class=\"card-header\" id=\"headingTwo\">\n        <h4 class=\"mb-0\" data-toggle=\"collapse\" data-target=\"#collapseTwo\" aria-expanded=\"true\" aria-controls=\"collapseTwo\">\n              Como posso adicionar plugins espec\u00edficos ao meu ambiente Moodle?\n        <\/h4>\n    <\/div>\n\n    <div id=\"collapseTwo\" class=\"collapse \" aria-labelledby=\"headingTwo\" data-parent=\"#accordionExample\">\n        <div class=\"card-body\">\n            <p>\n                Nos responsabilizamos pela instala\u00e7\u00e3o e configura\u00e7\u00e3o de plugins no Moodle, adaptando-os perfeitamente \u00e0s suas necessidades espec\u00edficas. Al\u00e9m disso, elaboramos documenta\u00e7\u00e3o personalizada, permitindo que os clientes tenham total autonomia e dom\u00ednio sobre o uso desses recursos. Simplesmente informe-nos quais plugins voc\u00ea deseja integrar, e n\u00f3s gerenciaremos todos os detalhes subsequentes para garantir uma integra\u00e7\u00e3o suave e eficiente.\n            <\/p>\n        <\/div>\n    <\/div>\n<\/div><div class=\"card\">\n    <div class=\"card-header\" id=\"headingThree\">\n        <h4 class=\"mb-0\" data-toggle=\"collapse\" data-target=\"#collapseThree\" aria-expanded=\"true\" aria-controls=\"collapseThree\">\n              Como voc\u00eas personalizam o layout\/tema do Moodle de acordo com o manual da nossa marca?\n        <\/h4>\n    <\/div>\n\n    <div id=\"collapseThree\" class=\"collapse \" aria-labelledby=\"headingThree\" data-parent=\"#accordionExample\">\n        <div class=\"card-body\">\n            <p>\n                Nossa equipe de design trabalhar\u00e1 em estreita colabora\u00e7\u00e3o com voc\u00ea para garantir que o Moodle reflita a identidade visual de sua marca, seguindo seu manual de marca com precis\u00e3o.\n            <\/p>\n        <\/div>\n    <\/div>\n<\/div><div class=\"card\">\n    <div class=\"card-header\" id=\"headingThree\">\n        <h4 class=\"mb-0\" data-toggle=\"collapse\" data-target=\"#collapseThree\" aria-expanded=\"true\" aria-controls=\"collapseThree\">\n              Que tipo de suporte t\u00e9cnico voc\u00eas oferecem para a administra\u00e7\u00e3o do Moodle?\n        <\/h4>\n    <\/div>\n\n    <div id=\"collapseThree\" class=\"collapse \" aria-labelledby=\"headingThree\" data-parent=\"#accordionExample\">\n        <div class=\"card-body\">\n            <p>\n                Oferecemos suporte t\u00e9cnico abrangente para garantir que seu ambiente Moodle funcione sem problemas. Isso inclui atualiza\u00e7\u00f5es regulares, resolu\u00e7\u00e3o de problemas t\u00e9cnicos e manuten\u00e7\u00e3o cont\u00ednua.\n            <\/p>\n        <\/div>\n    <\/div>\n<\/div><div class=\"card\">\n    <div class=\"card-header\" id=\"headingThree\">\n        <h4 class=\"mb-0\" data-toggle=\"collapse\" data-target=\"#collapseThree\" aria-expanded=\"true\" aria-controls=\"collapseThree\">\n              Como voc\u00eas auxiliam no processo de desenvolvimento de cursos online?\n        <\/h4>\n    <\/div>\n\n    <div id=\"collapseThree\" class=\"collapse \" aria-labelledby=\"headingThree\" data-parent=\"#accordionExample\">\n        <div class=\"card-body\">\n            <p>\n                Nossa consultoria de design instrucional abrange todas as etapas, desde a an\u00e1lise das necessidades educacionais at\u00e9 a avalia\u00e7\u00e3o dos cursos online. Garantimos que seus cursos alcancem seus objetivos educacionais.\n            <\/p>\n        <\/div>\n    <\/div>\n<\/div><div class=\"card\">\n    <div class=\"card-header\" id=\"headingThree\">\n        <h4 class=\"mb-0\" data-toggle=\"collapse\" data-target=\"#collapseThree\" aria-expanded=\"true\" aria-controls=\"collapseThree\">\n              Como voc\u00eas garantem que os cursos e salas virtuais sejam acess\u00edveis a todos?\n        <\/h4>\n    <\/div>\n\n    <div id=\"collapseThree\" class=\"collapse \" aria-labelledby=\"headingThree\" data-parent=\"#accordionExample\">\n        <div class=\"card-body\">\n            <p>\n                Configuramos salas virtuais para garantir a acessibilidade e fornecemos orienta\u00e7\u00f5es para criar materiais acess\u00edveis, tornando o aprendizado inclusivo para todos os alunos.\n            <\/p>\n        <\/div>\n    <\/div>\n<\/div><div class=\"card\">\n    <div class=\"card-header\" id=\"headingThree\">\n        <h4 class=\"mb-0\" data-toggle=\"collapse\" data-target=\"#collapseThree\" aria-expanded=\"true\" aria-controls=\"collapseThree\">\n              Como voc\u00eas ajudam institui\u00e7\u00f5es que ser\u00e3o avaliadas por \u00f3rg\u00e3os reguladores?\n        <\/h4>\n    <\/div>\n\n    <div id=\"collapseThree\" class=\"collapse \" aria-labelledby=\"headingThree\" data-parent=\"#accordionExample\">\n        <div class=\"card-body\">\n            <p>\n                Oferecemos consultoria t\u00e9cnica e pedag\u00f3gica para garantir que sua institui\u00e7\u00e3o atenda aos requisitos dos conselhos estaduais de educa\u00e7\u00e3o, MEC e licita\u00e7\u00f5es, preparando-o para avalia\u00e7\u00f5es e licita\u00e7\u00f5es bem-sucedidas.\n            <\/p>\n        <\/div>\n    <\/div>\n<\/div><div class=\"card\">\n    <div class=\"card-header\" id=\"headingThree\">\n        <h4 class=\"mb-0\" data-toggle=\"collapse\" data-target=\"#collapseThree\" aria-expanded=\"true\" aria-controls=\"collapseThree\">\n              Que tipo de suporte pedag\u00f3gico voc\u00eas fornecem?\n        <\/h4>\n    <\/div>\n\n    <div id=\"collapseThree\" class=\"collapse \" aria-labelledby=\"headingThree\" data-parent=\"#accordionExample\">\n        <div class=\"card-body\">\n            <p>\n                Estamos \u00e0 disposi\u00e7\u00e3o para atender \u00e0s suas demandas de suporte pedag\u00f3gico, oferecendo orienta\u00e7\u00f5es e solu\u00e7\u00f5es para aprimorar a qualidade de seus cursos e a experi\u00eancia de aprendizado de seus alunos.\n            <\/p>\n        <\/div>\n    <\/div>\n<\/div><\/div>\n                        <\/div>\n                    <\/div>\n\n                <\/div>\n            <\/div>\n        <\/div>\n    <\/div>\n    <!-- End Faq Area -->[\/vc_column][\/vc_row][vc_row][vc_column]<!-- Start Quick Contact Area\n============================================= -->\n<div class=\"quick-contact-area default-padding-bottom\">\n    <div class=\"container\">\n        <div class=\"quick-contact-items shadow dark bg-cover text-light\" style=\"background-image: url(https:\/\/danielcaixeta.pro.br\/site\/wp-content\/uploads\/2021\/01\/7.jpg);\">\n            <div class=\"row align-center\">\n                <div class=\"col-lg-8\">\n                    <h5>Precisa de Ajuda?<\/h5>\n                    <h2>Consultoria Educacional e Tecnol\u00f3gica em EaD.<\/h2>\n                <\/div>\n                <div class=\"col-lg-4 text-right\">\n                    <a href=\"#\" class=\"btn btn-light effect btn-md\">Entre em Contato<\/a>\n                <\/div>\n            <\/div>\n        <\/div>\n    <\/div>\n<\/div>\n<!-- End Quick Contact Area -->[\/vc_column][\/vc_row]<\/p>\n<\/div>","protected":false},"excerpt":{"rendered":"<p>[vc_row][vc_column][\/vc_column][\/vc_row][vc_row][vc_column][\/vc_column][\/vc_row]<\/p>\n","protected":false},"author":1,"featured_media":0,"parent":0,"menu_order":0,"comment_status":"closed","ping_status":"closed","template":"page-templates\/pages.php","meta":{"productId":0,"courseId":0,"footnotes":""},"class_list":["post-121","page","type-page","status-publish","hentry"],"_links":{"self":[{"href":"https:\/\/danielcaixeta.pro.br\/site\/wp-json\/wp\/v2\/pages\/121","targetHints":{"allow":["GET"]}}],"collection":[{"href":"https:\/\/danielcaixeta.pro.br\/site\/wp-json\/wp\/v2\/pages"}],"about":[{"href":"https:\/\/danielcaixeta.pro.br\/site\/wp-json\/wp\/v2\/types\/page"}],"author":[{"embeddable":true,"href":"https:\/\/danielcaixeta.pro.br\/site\/wp-json\/wp\/v2\/users\/1"}],"replies":[{"embeddable":true,"href":"https:\/\/danielcaixeta.pro.br\/site\/wp-json\/wp\/v2\/comments?post=121"}],"version-history":[{"count":6,"href":"https:\/\/danielcaixeta.pro.br\/site\/wp-json\/wp\/v2\/pages\/121\/revisions"}],"predecessor-version":[{"id":1663,"href":"https:\/\/danielcaixeta.pro.br\/site\/wp-json\/wp\/v2\/pages\/121\/revisions\/1663"}],"wp:attachment":[{"href":"https:\/\/danielcaixeta.pro.br\/site\/wp-json\/wp\/v2\/media?parent=121"}],"curies":[{"name":"wp","href":"https:\/\/api.w.org\/{rel}","templated":true}]}}